{"id":1952,"date":"2026-02-20T07:44:31","date_gmt":"2026-02-20T07:44:31","guid":{"rendered":"https:\/\/crai.es\/?page_id=1952"},"modified":"2026-02-21T09:03:45","modified_gmt":"2026-02-21T09:03:45","slug":"arquitectura-cientifica","status":"publish","type":"page","link":"https:\/\/crai.es\/en\/arquitectura-cientifica\/","title":{"rendered":"SCIENTIFIC ARCHITECTURE"},"content":{"rendered":"<div class=\"wp-block-uagb-container uagb-block-27ef9fe0 alignfull uagb-is-root-container\"><div class=\"uagb-container-inner-blocks-wrap\">\n<div class=\"wp-block-uagb-info-box uagb-block-d444f0cc uagb-infobox__content-wrap  uagb-infobox-icon-above-title uagb-infobox-image-valign-top wp-block-uagb-info-box--has-margin\"><div class=\"uagb-infobox-margin-wrapper\"><div class=\"uagb-ifb-content\"><div class=\"uagb-ifb-separator\"><\/div><div class=\"uagb-ifb-title-wrap\"><h1 class=\"uagb-ifb-title\">Research: Scientific Architecture<\/h1><\/div><\/div><\/div><\/div>\n<\/div><\/div>\n\n\n\n<div class=\"wp-block-uagb-container uagb-block-7479c618 alignfull uagb-is-root-container\"><div class=\"uagb-container-inner-blocks-wrap\">\n<div class=\"wp-block-uagb-advanced-heading uagb-block-6f8255de\"><h2 class=\"uagb-heading-text\">SCIENTIFIC ARCHITECTURE<\/h2><\/div>\n\n\n\n<div class=\"wp-block-uagb-info-box uagb-block-73f2b6ee uagb-infobox__content-wrap  uagb-infobox-icon-above-title uagb-infobox-image-valign-top wp-block-uagb-info-box--has-margin\"><div class=\"uagb-infobox-margin-wrapper\"><div class=\"uagb-ifb-content\"><div class=\"uagb-ifb-title-wrap\"><h3 class=\"uagb-ifb-title\">Evolution and Regulation in Interdependent Biological Systems<br><\/h3><\/div><p class=\"uagb-ifb-desc\"><strong><strong>Evolution \u00b7 Regulation \u00b7 Interdependence \u00b7 Variability<\/strong><\/strong><br><br>The Rausenbach Center for Analysis and Research (CRAI) organizes its research through a scientific architecture oriented toward the study of interdependent biological systems from an evolutionary, regulatory, and contextual perspective.<br>This architecture is not conceived as a mere sum of disciplines, but as an integrative framework for analysing how stability, variability, and adaptation emerge from dynamic interactions between organisms, environments, and complex biological matrices.<br><br><strong>GUIDING PRINCIPLE<\/strong><br>CRAI is grounded in a central idea: biological profiles \u2014 including human ones \u2014 cannot be adequately explained through static or isolated models, but rather as expressions of regulatory dynamics that depend on state, environment, and evolutionary history.<br>From this perspective, variability is not interpreted as an anomaly, but as a functional and contextual phenomenon that can be modelled through comparative and integrative frameworks.<br><br><strong>RESEARCH STRUCTURE<\/strong><br>The scientific architecture of CRAI is structured around <strong>two complementary pillars<\/strong>Both share a common methodological foundation \u2014 evolutionary and regulatory \u2014 and differ in their primary object of analysis and in the types of interactions they prioritise.<br><\/p><\/div><\/div><\/div>\n\n\n\n<div class=\"wp-block-columns is-layout-flex wp-container-core-columns-is-layout-28f84493 wp-block-columns-is-layout-flex\">\n<div class=\"wp-block-column is-content-justification-left is-layout-constrained wp-container-core-column-is-layout-12dd3699 wp-block-column-is-layout-constrained\" style=\"flex-basis:100%\">\n<div class=\"wp-block-uagb-container uagb-block-43eb9d9b alignfull uagb-is-root-container\"><div class=\"uagb-container-inner-blocks-wrap\">\n<div class=\"wp-block-uagb-container uagb-block-ebdba0bd\">\n<div class=\"wp-block-uagb-info-box uagb-block-5bc1f952 uagb-infobox__content-wrap  uagb-infobox-icon-above-title uagb-infobox-image-valign-top\" id=\"crai.es\/contact\"><div class=\"uagb-ifb-content\"><div class=\"uagb-ifb-title-wrap\"><h4 class=\"uagb-ifb-title translation-block\">HPCN Pillar: Human\u2013Plant Coevolution and Neurobiology<\/h4><\/div><p class=\"uagb-ifb-desc\">The HPCN Pillar establishes the framework for studying how the evolutionary interaction between humans and plant systems \u2014 particularly through complex phytochemical matrices \u2014 may influence neurobiological, cognitive, and adaptive processes within changing ecological contexts.<br><\/p><div class=\"uagb-ifb-button-wrapper wp-block-button\"><a href=\"https:\/\/crai.es\/en\/hpcn-pillar\/\" class=\"uagb-infobox-cta-link wp-block-button__link\" target=\"_self\" rel=\"noopener noreferrer\" onclick=\"return true;\"><span class=\"uagb-inline-editing\">See HPCN Pillar<\/span><\/a><\/div><\/div><\/div>\n<\/div>\n\n\n\n<div class=\"wp-block-uagb-container uagb-layout-grid uagb-block-5912b95d\">\n<div class=\"wp-block-uagb-info-box uagb-block-5da835d4 uagb-infobox__content-wrap  uagb-infobox-icon-above-title uagb-infobox-image-valign-top\" id=\"crai.es\/contact\"><div class=\"uagb-ifb-content\"><div class=\"uagb-ifb-title-wrap\"><h4 class=\"uagb-ifb-title translation-block\">HUMAN Pillar: Evolutionary Foundations of the Mind and the Human Condition<\/h4><\/div><p class=\"uagb-ifb-desc\">The Human Pillar develops frameworks to analyse the emergence and diversification of the human mind from a biocultural and evolutionary perspective, integrating neurobiology, cognition, culture, and environment to understand human variability as part of differentiated adaptive trajectories. <br><\/p><div class=\"uagb-ifb-button-wrapper wp-block-button\"><a href=\"https:\/\/crai.es\/en\/human-pillar\/\" class=\"uagb-infobox-cta-link wp-block-button__link\" target=\"_self\" rel=\"noopener noreferrer\" onclick=\"return true;\"><span class=\"uagb-inline-editing\">See HUAN Pillar<\/span><\/a><\/div><\/div><\/div>\n<\/div>\n<\/div><\/div>\n<\/div>\n<\/div>\n<\/div><\/div>\n\n\n\n<div class=\"wp-block-uagb-container uagb-block-ac8e1ada alignfull uagb-is-root-container\"><div class=\"uagb-container-inner-blocks-wrap\">\n<div class=\"wp-block-uagb-info-box uagb-block-b1812490 uagb-infobox__content-wrap  uagb-infobox-icon-above-title uagb-infobox-image-valign-top\"><div class=\"uagb-ifb-content\"><div class=\"uagb-ifb-title-wrap\"><h3 class=\"uagb-ifb-title\">Complementarity and Internal Coherence<\/h3><\/div><p class=\"uagb-ifb-desc\">The relationship between the two pillars is not additive, but structural:<br><br><strong>HPCN:<\/strong> addresses the human\u2013plant dimension as a biological and regulatory interface, where complex plant matrices interact with human systems.<br><strong>HUMAN<\/strong> analyses the mind and human variability as phenomena emerging from evolutionary and biocultural processes, with attention to cognitive and behavioural configurations within historical and environmental contexts.<br><br>Together, both pillars enable the formulation of integrated models on <strong>how complex systems are configured, maintained, or transformed<\/strong> when their ecological, cultural, and regulatory conditions change.<\/p><\/div><\/div>\n\n\n\n<div class=\"wp-block-uagb-container uagb-block-c76f7153\">\n<div class=\"wp-block-uagb-icon-list uagb-block-6cd7b9a5\"><div class=\"uagb-icon-list__wrap\">\n<div class=\"wp-block-uagb-icon-list-child uagb-block-70eabf14\"><span class=\"uagb-icon-list__label\">From Architecture to Research Lines<br><br>Each pillar unfolds into specific <strong>research lines<\/strong> that operationalise its scientific axes. These lines are not presented as isolated projects, but as coherent components within the shared architectural framework of CRAI.<br>Within each line, specific <strong>projects<\/strong> (such as flagship initiatives or experimental programs) may be developed, always aligned with the structural logic of the respective pillar and its guiding principles.<br><\/span><\/div>\n\n\n\n<div class=\"wp-block-uagb-icon-list-child uagb-block-fb0202ca\"><a target=\"_self\" aria-label=\"Explore HPCN Research Lines\" rel=\"noopener noreferrer\" href=\"https:\/\/crai.es\/en\/hpcn-lines\/\"> <\/a><span class=\"uagb-icon-list__source-wrap\"><svg xmlns=\"https:\/\/www.w3.org\/2000\/svg\" viewbox=\"0 0 512 512\"><path d=\"M256 0C114.6 0 0 114.6 0 256c0 141.4 114.6 256 256 256s256-114.6 256-256C512 114.6 397.4 0 256 0zM406.6 278.6l-103.1 103.1c-12.5 12.5-32.75 12.5-45.25 0s-12.5-32.75 0-45.25L306.8 288H128C110.3 288 96 273.7 96 256s14.31-32 32-32h178.8l-49.38-49.38c-12.5-12.5-12.5-32.75 0-45.25s32.75-12.5 45.25 0l103.1 103.1C414.6 241.3 416 251.1 416 256C416 260.9 414.6 270.7 406.6 278.6z\"><\/path><\/svg><\/span><span class=\"uagb-icon-list__label\"><strong>Explore HPCN Research Lines<\/strong><\/span><\/div>\n\n\n\n<div class=\"wp-block-uagb-icon-list-child uagb-block-e727ce24\"><a target=\"_self\" aria-label=\" Explore HUMAN Research Lines\" rel=\"noopener noreferrer\" href=\"https:\/\/www.crai.es\/en\/human-lines\/\"> <\/a><span class=\"uagb-icon-list__source-wrap\"><svg xmlns=\"https:\/\/www.w3.org\/2000\/svg\" viewbox=\"0 0 512 512\"><path d=\"M256 0C114.6 0 0 114.6 0 256c0 141.4 114.6 256 256 256s256-114.6 256-256C512 114.6 397.4 0 256 0zM406.6 278.6l-103.1 103.1c-12.5 12.5-32.75 12.5-45.25 0s-12.5-32.75 0-45.25L306.8 288H128C110.3 288 96 273.7 96 256s14.31-32 32-32h178.8l-49.38-49.38c-12.5-12.5-12.5-32.75 0-45.25s32.75-12.5 45.25 0l103.1 103.1C414.6 241.3 416 251.1 416 256C416 260.9 414.6 270.7 406.6 278.6z\"><\/path><\/svg><\/span><span class=\"uagb-icon-list__label\"> <strong>Explore HUMAN Research Lines<\/strong><\/span><\/div>\n<\/div><\/div>\n<\/div>\n<\/div><\/div>\n\n\n\n<div class=\"wp-block-uagb-container uagb-block-b4735b3e alignfull uagb-is-root-container\"><div class=\"uagb-container-inner-blocks-wrap\">\n<div class=\"wp-block-uagb-advanced-heading uagb-block-c59832a9\"><h2 class=\"uagb-heading-text\">We collaborate with<\/h2><\/div>\n\n\n\n<div class=\"wp-block-uagb-container uagb-block-78bb56bf alignfull uagb-is-root-container\"><div class=\"uagb-container-inner-blocks-wrap\">\n<div class=\"wp-block-uagb-image uagb-block-eebfafcc wp-block-uagb-image--layout-default wp-block-uagb-image--effect-static wp-block-uagb-image--align-none aligncenter\"><figure class=\"wp-block-uagb-image__figure\"><img decoding=\"async\" srcset=\"https:\/\/crai.es\/wp-content\/uploads\/2024\/12\/Logo-ReTosAAA.png ,https:\/\/crai.es\/wp-content\/uploads\/2024\/12\/Logo-ReTosAAA.png 780w, https:\/\/crai.es\/wp-content\/uploads\/2024\/12\/Logo-ReTosAAA.png 360w\" sizes=\"auto, (max-width: 480px) 150px\" src=\"https:\/\/crai.es\/wp-content\/uploads\/2024\/12\/Logo-ReTosAAA.png\" alt=\"ReTos-AAA\" class=\"uag-image-890\" width=\"91\" height=\"111\" title=\"Programa ReTosAAA\" loading=\"lazy\" role=\"img\"\/><\/figure><\/div>\n\n\n\n<div class=\"wp-block-uagb-image aligncenter uagb-block-31a34fcf wp-block-uagb-image--layout-default wp-block-uagb-image--effect-static wp-block-uagb-image--align-center\"><figure class=\"wp-block-uagb-image__figure\"><img decoding=\"async\" srcset=\"https:\/\/crai.es\/wp-content\/uploads\/2024\/12\/CIAGRO1-1024x340.png ,https:\/\/crai.es\/wp-content\/uploads\/2024\/12\/CIAGRO1.png 780w, https:\/\/crai.es\/wp-content\/uploads\/2024\/12\/CIAGRO1.png 360w\" sizes=\"auto, (max-width: 480px) 150px\" src=\"https:\/\/crai.es\/wp-content\/uploads\/2024\/12\/CIAGRO1-1024x340.png\" alt=\"CIAGRO1\" class=\"uag-image-891\" width=\"256\" height=\"85\" title=\"Instituto de Investigaci\u00f3n e Innovaci\u00f3n Agroalimentario y Agroambiental\" loading=\"lazy\" role=\"img\"\/><\/figure><\/div>\n\n\n\n<div class=\"wp-block-uagb-image aligncenter uagb-block-ab8a0f64 wp-block-uagb-image--layout-default wp-block-uagb-image--effect-static wp-block-uagb-image--align-center\"><figure class=\"wp-block-uagb-image__figure\"><img decoding=\"async\" srcset=\"https:\/\/crai.es\/wp-content\/uploads\/2024\/12\/IDiBE.jpg ,https:\/\/crai.es\/wp-content\/uploads\/2024\/12\/IDiBE.jpg 780w, https:\/\/crai.es\/wp-content\/uploads\/2024\/12\/IDiBE.jpg 360w\" sizes=\"auto, (max-width: 480px) 150px\" src=\"https:\/\/crai.es\/wp-content\/uploads\/2024\/12\/IDiBE.jpg\" alt=\"IDiBE\" class=\"uag-image-894\" width=\"106\" height=\"93\" title=\"Institituto de Investigaci\u00f3n, Desarrollo e Innovaci\u00f3n en Biotecnolog\u00eda Sanitaria de Elche\" loading=\"lazy\" role=\"img\"\/><\/figure><\/div>\n\n\n\n<div class=\"wp-block-uagb-image aligncenter uagb-block-51814869 wp-block-uagb-image--layout-default wp-block-uagb-image--effect-static wp-block-uagb-image--align-center\"><figure class=\"wp-block-uagb-image__figure\"><img decoding=\"async\" srcset=\"https:\/\/crai.es\/wp-content\/uploads\/2024\/12\/logo_umh.png ,https:\/\/crai.es\/wp-content\/uploads\/2024\/12\/logo_umh.png 780w, https:\/\/crai.es\/wp-content\/uploads\/2024\/12\/logo_umh.png 360w\" sizes=\"auto, (max-width: 480px) 150px\" src=\"https:\/\/crai.es\/wp-content\/uploads\/2024\/12\/logo_umh.png\" alt=\"logo_umh\" class=\"uag-image-898\" width=\"100\" height=\"117\" title=\"Universidad Miguel Hern\u00e1ndez de Elche\" loading=\"lazy\" role=\"img\"\/><\/figure><\/div>\n\n\n\n<div class=\"wp-block-uagb-image uagb-block-57b3383e wp-block-uagb-image--layout-default wp-block-uagb-image--effect-static wp-block-uagb-image--align-none\"><figure class=\"wp-block-uagb-image__figure\"><img decoding=\"async\" srcset=\"https:\/\/crai.es\/wp-content\/uploads\/2025\/12\/Logo_Telenatura1-1024x1012.png ,https:\/\/crai.es\/wp-content\/uploads\/2025\/12\/Logo_Telenatura1.png 780w, https:\/\/crai.es\/wp-content\/uploads\/2025\/12\/Logo_Telenatura1.png 360w\" sizes=\"auto, (max-width: 480px) 150px\" src=\"https:\/\/crai.es\/wp-content\/uploads\/2025\/12\/Logo_Telenatura1-1024x1012.png\" alt=\"\" class=\"uag-image-1594\" width=\"106\" height=\"104\" title=\"Telenatura EBT\" loading=\"lazy\" role=\"img\"\/><\/figure><\/div>\n<\/div><\/div>\n<\/div><\/div>\n\n\n\n<div class=\"wp-block-uagb-container uagb-block-db2d419d alignfull uagb-is-root-container\"><div class=\"uagb-container-inner-blocks-wrap\">\n<div class=\"wp-block-uagb-container uagb-layout-grid uagb-block-964d8b67\">\n<div class=\"wp-block-uagb-info-box uagb-block-f88e0df1 uagb-infobox__content-wrap  uagb-infobox-icon-above-title uagb-infobox-image-valign-top\" id=\"collaborate\"><div class=\"uagb-ifb-content\"><div class=\"uagb-ifb-title-wrap\"><h3 class=\"uagb-ifb-title\">Are you interested in collaborating?<\/h3><\/div><p class=\"uagb-ifb-desc\">Direct your support to a scientific area you\u2019re passionate about by making a targeted donation to thematic funds. You'll contribute to innovative research and impactful projects that generate knowledge for everyone. Contact us to leave a lasting impact.<\/p><div class=\"uagb-ifb-button-wrapper wp-block-button\"><a href=\"https:\/\/crai.es\/en\/apoyar-la-investigacion\/\" class=\"uagb-infobox-cta-link wp-block-button__link\" target=\"_self\" rel=\"noopener noreferrer\" onclick=\"return true;\"><span class=\"uagb-inline-editing\">Collaborate<\/span><\/a><\/div><\/div><\/div>\n\n\n\n<div class=\"wp-block-uagb-image aligncenter uagb-block-1ecf927d wp-block-uagb-image--layout-overlay wp-block-uagb-image--effect-static wp-block-uagb-image--align-center alignright\"><figure class=\"wp-block-uagb-image__figure\"><img decoding=\"async\" srcset=\"https:\/\/crai.es\/wp-content\/uploads\/2026\/02\/crai-colaboracion1-1024x683.jpeg ,https:\/\/crai.es\/wp-content\/uploads\/2026\/02\/crai-colaboracion1.jpeg 780w, https:\/\/crai.es\/wp-content\/uploads\/2026\/02\/crai-colaboracion1.jpeg 360w\" sizes=\"auto, (max-width: 480px) 150px\" src=\"https:\/\/crai.es\/wp-content\/uploads\/2026\/02\/crai-colaboracion1-1024x683.jpeg\" alt=\"\" class=\"uag-image-1930\" width=\"800\" height=\"565\" title=\"crai-colaboracio\u0301n\" loading=\"lazy\" role=\"img\"\/><div class=\"wp-block-uagb-image--layout-overlay__color-wrapper\"><\/div><div class=\"wp-block-uagb-image--layout-overlay__inner center-center\"><h2 class=\"uagb-image-heading\">Basic research<br>with sustainable impact<\/h2><\/div><\/figure><\/div>\n<\/div>\n\n\n\n<div class=\"wp-block-uagb-container uagb-layout-grid uagb-block-3e7a0fa1\">\n<div class=\"wp-block-uagb-advanced-heading uagb-block-165a3982\"><h2 class=\"uagb-heading-text\">Research for a better quality of life<\/h2><\/div>\n\n\n\n<div class=\"wp-block-uagb-advanced-heading uagb-block-0d1db6a6\"><p class=\"uagb-desc-text\">Our researchers strive to expand the boundaries of knowledge in their search for answers, continually exploring new frontiers. While ideas may be limitless, resources are often constrained. Your support can make a meaningful difference. Discover how you can contribute to the CRAI and help advance innovative research through your donation.<\/p><\/div>\n<\/div>\n\n\n\n<div class=\"wp-block-buttons is-content-justification-center is-layout-flex wp-container-core-buttons-is-layout-a89b3969 wp-block-buttons-is-layout-flex\">\n<div class=\"wp-block-button\"><a class=\"wp-block-button__link wp-element-button\" href=\"https:\/\/crai.es\/en\/contact\/\">Contact<\/a><\/div>\n<\/div>\n<\/div><\/div>","protected":false},"excerpt":{"rendered":"<p>ARQUITECTURA CIENT\u00cdFICA Colaboramos con Investigaci\u00f3n para una mejor calidad de vida Nuestros investigadores se esfuerzan por expandir los l\u00edmites del conocimiento en su b\u00fasqueda de respuestas, explorando continuamente nuevas fronteras. Aunque sus ideas son infinitas, los recursos a menudo son limitados. Tu apoyo puede marcar la diferencia. Descubre c\u00f3mo puedes contribuir al Centro Rausenbach de [&hellip;]<\/p>","protected":false},"author":1,"featured_media":0,"parent":0,"menu_order":0,"comment_status":"closed","ping_status":"closed","template":"","meta":{"_uag_custom_page_level_css":"","site-sidebar-layout":"no-sidebar","site-content-layout":"page-builder","ast-site-content-layout":"full-width-container","site-content-style":"unboxed","site-sidebar-style":"unboxed","ast-global-header-display":"","ast-banner-title-visibility":"","ast-main-header-display":"","ast-hfb-above-header-display":"","ast-hfb-below-header-display":"","ast-hfb-mobile-header-display":"","site-post-title":"disabled","ast-breadcrumbs-content":"","ast-featured-img":"disabled","footer-sml-layout":"","theme-transparent-header-meta":"enabled","adv-header-id-meta":"","stick-header-meta":"","header-above-stick-meta":"","header-main-stick-meta":"","header-below-stick-meta":"","astra-migrate-meta-layouts":"set","ast-page-background-enabled":"default","ast-page-background-meta":{"desktop":{"background-color":"","background-image":"","background-repeat":"repeat","background-position":"center center","background-size":"auto","background-attachment":"scroll","background-type":"","background-media":"","overlay-type":"","overlay-color":"","overlay-opacity":"","overlay-gradient":""},"tablet":{"background-color":"","background-image":"","background-repeat":"repeat","background-position":"center center","background-size":"auto","background-attachment":"scroll","background-type":"","background-media":"","overlay-type":"","overlay-color":"","overlay-opacity":"","overlay-gradient":""},"mobile":{"background-color":"","background-image":"","background-repeat":"repeat","background-position":"center center","background-size":"auto","background-attachment":"scroll","background-type":"","background-media":"","overlay-type":"","overlay-color":"","overlay-opacity":"","overlay-gradient":""}},"ast-content-background-meta":{"desktop":{"background-color":"var(--ast-global-color-5)","background-image":"","background-repeat":"repeat","background-position":"center center","background-size":"auto","background-attachment":"scroll","background-type":"","background-media":"","overlay-type":"","overlay-color":"","overlay-opacity":"","overlay-gradient":""},"tablet":{"background-color":"var(--ast-global-color-5)","background-image":"","background-repeat":"repeat","background-position":"center center","background-size":"auto","background-attachment":"scroll","background-type":"","background-media":"","overlay-type":"","overlay-color":"","overlay-opacity":"","overlay-gradient":""},"mobile":{"background-color":"var(--ast-global-color-5)","background-image":"","background-repeat":"repeat","background-position":"center center","background-size":"auto","background-attachment":"scroll","background-type":"","background-media":"","overlay-type":"","overlay-color":"","overlay-opacity":"","overlay-gradient":""}},"footnotes":""},"class_list":["post-1952","page","type-page","status-publish","hentry"],"aioseo_notices":[],"uagb_featured_image_src":{"full":false,"thumbnail":false,"medium":false,"medium_large":false,"large":false,"1536x1536":false,"2048x2048":false,"trp-custom-language-flag":false},"uagb_author_info":{"display_name":"draus@raus-partner.com","author_link":"https:\/\/crai.es\/en\/author\/drausraus-partner-com\/"},"uagb_comment_info":0,"uagb_excerpt":"ARQUITECTURA CIENT\u00cdFICA Colaboramos con Investigaci\u00f3n para una mejor calidad de vida Nuestros investigadores se esfuerzan por expandir los l\u00edmites del conocimiento en su b\u00fasqueda de respuestas, explorando continuamente nuevas fronteras. Aunque sus ideas son infinitas, los recursos a menudo son limitados. Tu apoyo puede marcar la diferencia. Descubre c\u00f3mo puedes contribuir al Centro Rausenbach de&hellip;","_links":{"self":[{"href":"https:\/\/crai.es\/en\/wp-json\/wp\/v2\/pages\/1952","targetHints":{"allow":["GET"]}}],"collection":[{"href":"https:\/\/crai.es\/en\/wp-json\/wp\/v2\/pages"}],"about":[{"href":"https:\/\/crai.es\/en\/wp-json\/wp\/v2\/types\/page"}],"author":[{"embeddable":true,"href":"https:\/\/crai.es\/en\/wp-json\/wp\/v2\/users\/1"}],"replies":[{"embeddable":true,"href":"https:\/\/crai.es\/en\/wp-json\/wp\/v2\/comments?post=1952"}],"version-history":[{"count":12,"href":"https:\/\/crai.es\/en\/wp-json\/wp\/v2\/pages\/1952\/revisions"}],"predecessor-version":[{"id":2011,"href":"https:\/\/crai.es\/en\/wp-json\/wp\/v2\/pages\/1952\/revisions\/2011"}],"wp:attachment":[{"href":"https:\/\/crai.es\/en\/wp-json\/wp\/v2\/media?parent=1952"}],"curies":[{"name":"wp","href":"https:\/\/api.w.org\/{rel}","templated":true}]}}