{"id":1900,"date":"2026-02-19T16:04:22","date_gmt":"2026-02-19T16:04:22","guid":{"rendered":"https:\/\/crai.es\/?page_id=1900"},"modified":"2026-02-21T09:15:35","modified_gmt":"2026-02-21T09:15:35","slug":"human-lines","status":"publish","type":"page","link":"https:\/\/crai.es\/en\/human-lines\/","title":{"rendered":"Investigaci\u00f3n interdisciplinaria: HUMAN"},"content":{"rendered":"<div class=\"wp-block-uagb-container uagb-block-27ef9fe0 alignfull uagb-is-root-container\"><div class=\"uagb-container-inner-blocks-wrap\">\n<div class=\"wp-block-uagb-info-box uagb-block-d444f0cc uagb-infobox__content-wrap  uagb-infobox-icon-above-title uagb-infobox-image-valign-top wp-block-uagb-info-box--has-margin\"><div class=\"uagb-infobox-margin-wrapper\"><div class=\"uagb-ifb-content\"><div class=\"uagb-ifb-separator\"><\/div><div class=\"uagb-ifb-title-wrap\"><h1 class=\"uagb-ifb-title\">Research: HUMAN Pillar<\/h1><\/div><\/div><\/div><\/div>\n<\/div><\/div>\n\n\n\n<div class=\"wp-block-uagb-container uagb-block-7479c618 alignwide uagb-is-root-container\">\n<div class=\"wp-block-uagb-advanced-heading uagb-block-6f8255de\"><h2 class=\"uagb-heading-text\">Research Lines of the HUMAN Pillar<\/h2><\/div>\n\n\n\n<div class=\"wp-block-uagb-info-box uagb-block-73f2b6ee uagb-infobox__content-wrap  uagb-infobox-icon-above-title uagb-infobox-image-valign-top\"><div class=\"uagb-ifb-content\"><div class=\"uagb-ifb-title-wrap\"><h3 class=\"uagb-ifb-title\">CRAI develops integrated scientific frameworks for the study of cognitive evolution, neurobiological regulation, and human variability within dynamic ecological and cultural contexts.<\/h3><\/div><p class=\"uagb-ifb-desc\"><strong>Evolution \u00b7 Regulation \u00b7 Cognitive Variability \u00b7 Anthropogenesis<\/strong><br><br>The research lines of the HUMAN Pillar converge in the analysis of the human mind as an emergent biological system whose stability and transformation arise from state- and environment-dependent regulatory processes.<br>The pillar examines how cognitive and behavioural profiles are configured along specific evolutionary trajectories, integrating neurobiological, ecological, and biocultural dimensions within a non-reductionist interpretative framework.<br>Research articulates evolutionary neurobiology, regulatory theory, and comparative analysis of cognitive configurations in order to model patterns of human variability as functional expressions of adaptive architectures.<br>This framework enables the reinterpretation of neurodiversity and behavioural fluctuations as manifestations of complex regulatory dynamics, ensuring conceptual coherence, evolutionary depth, and interdisciplinary projection.<br><\/p><\/div><\/div>\n\n\n\n<div class=\"wp-block-uagb-container uagb-block-43eb9d9b alignfull uagb-is-root-container\"><div class=\"uagb-container-inner-blocks-wrap\">\n<div class=\"wp-block-uagb-container uagb-block-922a985c\">\n<div class=\"wp-block-uagb-info-box uagb-block-a394f879 uagb-infobox__content-wrap  uagb-infobox-icon-above-title uagb-infobox-image-valign-top\" id=\"crai.es\/contact\"><div class=\"uagb-ifb-content\"><div class=\"uagb-ifb-title-wrap\"><h4 class=\"uagb-ifb-title\">Evolutionary Foundations of the Mind and Human Variability<br><\/h4><\/div><p class=\"uagb-ifb-desc\">This research line analyses the emergence and diversification of the human mind from an integrative evolutionary perspective.<br>It examines how the interaction between neurobiology, ecological environment, and cultural construction has given rise to distinct cognitive and behavioural profiles throughout anthropogenesis.<br>Its objective is to understand human variability as part of a dynamic evolutionary continuum, providing a structural framework for interpreting neurobiological diversity without reducing it to normative deviations.<br><br><strong>Key words:&nbsp;<\/strong><br>Human evolution; Anthropogenesis; Neurobiology; Cognitive variability; Evolutionary psychology; Plasticity; Neurodiversity.<\/p><div class=\"uagb-ifb-button-wrapper wp-block-button\"><a href=\"https:\/\/crai.es\/en\/neurodiversidad-y-trayectorias-evolutivas\" target=\"_self\" onclick=\"return true;\" class=\"uagb-infobox-cta-link\" rel=\"noopener noreferrer\"><span class=\"uagb-inline-editing\">More information<\/span><svg xmlns=\"https:\/\/www.w3.org\/2000\/svg\" viewbox=\"0 0 512 512\"><path d=\"M504.3 273.6l-112.1 104c-6.992 6.484-17.18 8.218-25.94 4.406c-8.758-3.812-14.42-12.45-14.42-21.1L351.9 288H32C14.33 288 .0002 273.7 .0002 255.1S14.33 224 32 224h319.9l0-72c0-9.547 5.66-18.19 14.42-22c8.754-3.809 18.95-2.075 25.94 4.41l112.1 104C514.6 247.9 514.6 264.1 504.3 273.6z\"><\/path><\/svg><\/a><\/div><\/div><\/div>\n<\/div>\n\n\n\n<div class=\"wp-block-uagb-container uagb-block-ebdba0bd\">\n<div class=\"wp-block-uagb-info-box uagb-block-5bc1f952 uagb-infobox__content-wrap  uagb-infobox-icon-above-title uagb-infobox-image-valign-top\" id=\"crai.es\/contact\"><div class=\"uagb-ifb-content\"><div class=\"uagb-ifb-title-wrap\"><h4 class=\"uagb-ifb-title\">State-Dependent Regulation and Neurocognitive Dynamics<\/h4><\/div><p class=\"uagb-ifb-desc\">This research line investigates how dynamic regulatory states modulate cognitive and behavioural expression in changing contexts.<br>It analyses the interaction between neurophysiological activation, synaptic plasticity, and environmental factors as elements shaping attentional, emotional, and executive fluctuations across development and adulthood.<br>Its objective is to model intraindividual variability as a functional expression of adaptive regulatory architectures, providing an explanatory framework that moves beyond static or categorical approaches to the human mind.<br><br><strong>Key words:<\/strong>&nbsp;<br>State-dependent regulation; Neurophysiology; Synaptic plasticity; Intraindividual variability; Cognitive dynamics; Neural activation; Regulatory models.<\/p><\/div><\/div>\n<\/div>\n\n\n\n<div class=\"wp-block-uagb-container uagb-layout-grid uagb-block-5912b95d\">\n<div class=\"wp-block-uagb-info-box uagb-block-5da835d4 uagb-infobox__content-wrap  uagb-infobox-icon-above-title uagb-infobox-image-valign-top\" id=\"crai.es\/contact\"><div class=\"uagb-ifb-content\"><div class=\"uagb-ifb-title-wrap\"><h4 class=\"uagb-ifb-title\">Biocultural Trajectories and Adaptive Cognitive Configurations<\/h4><\/div><p class=\"uagb-ifb-desc\">This research line examines the co-configuration of biological processes and cultural structures in the formation of human cognitive profiles.<br>It explores how ecological pressures, social organisation, and cultural transmission have interacted with neurobiological architecture to generate diverse mental configurations across different historical and environmental contexts.<br>Its objective is to integrate evolutionary and biocultural dimensions into a coherent explanatory model that understands cognitive diversity as the result of multiple, contextually situated adaptive trajectories.<br><br><strong>Key words:<\/strong> <br>Biocultural coevolution; Cognitive adaptation; Ecological environment; Social organisation; Cultural transmission; Mental diversity; Evolutionary plasticity.<\/p><\/div><\/div>\n<\/div>\n<\/div><\/div>\n<\/div>\n\n\n\n<div class=\"wp-block-uagb-container uagb-block-ac8e1ada alignfull uagb-is-root-container\"><div class=\"uagb-container-inner-blocks-wrap\">\n<div class=\"wp-block-uagb-info-box uagb-block-b1812490 uagb-infobox__content-wrap  uagb-infobox-icon-above-title uagb-infobox-image-valign-top\"><div class=\"uagb-ifb-content\"><div class=\"uagb-ifb-title-wrap\"><h3 class=\"uagb-ifb-title\">Strategic Projection<\/h3><\/div><p class=\"uagb-ifb-desc translation-block\">These research lines converge in the development of integrated models aimed at understanding the human mind and cognitive variability as expressions of evolutionary trajectories and dynamic regulatory architectures.\nTheir articulation enables the projection of coherent interpretative frameworks with the potential to generate long-term scientific, educational, and conceptual developments in the study of anthropogenesis and neurodiversity.<\/p><\/div><\/div>\n<\/div><\/div>\n\n\n\n<div class=\"wp-block-uagb-container uagb-block-b4735b3e alignfull uagb-is-root-container\"><div class=\"uagb-container-inner-blocks-wrap\">\n<div class=\"wp-block-uagb-advanced-heading uagb-block-c59832a9\"><h2 class=\"uagb-heading-text\">We collaborate with<\/h2><\/div>\n\n\n\n<div class=\"wp-block-uagb-container uagb-block-78bb56bf alignfull uagb-is-root-container\"><div class=\"uagb-container-inner-blocks-wrap\">\n<div class=\"wp-block-uagb-image uagb-block-eebfafcc wp-block-uagb-image--layout-default wp-block-uagb-image--effect-static wp-block-uagb-image--align-none aligncenter\"><figure class=\"wp-block-uagb-image__figure\"><img decoding=\"async\" srcset=\"https:\/\/crai.es\/wp-content\/uploads\/2024\/12\/Logo-ReTosAAA.png ,https:\/\/crai.es\/wp-content\/uploads\/2024\/12\/Logo-ReTosAAA.png 780w, https:\/\/crai.es\/wp-content\/uploads\/2024\/12\/Logo-ReTosAAA.png 360w\" sizes=\"auto, (max-width: 480px) 150px\" src=\"https:\/\/crai.es\/wp-content\/uploads\/2024\/12\/Logo-ReTosAAA.png\" alt=\"ReTos-AAA\" class=\"uag-image-890\" width=\"91\" height=\"111\" title=\"Programa ReTosAAA\" loading=\"lazy\" role=\"img\"\/><\/figure><\/div>\n\n\n\n<div class=\"wp-block-uagb-image aligncenter uagb-block-31a34fcf wp-block-uagb-image--layout-default wp-block-uagb-image--effect-static wp-block-uagb-image--align-center\"><figure class=\"wp-block-uagb-image__figure\"><img decoding=\"async\" srcset=\"https:\/\/crai.es\/wp-content\/uploads\/2024\/12\/CIAGRO1-1024x340.png ,https:\/\/crai.es\/wp-content\/uploads\/2024\/12\/CIAGRO1.png 780w, https:\/\/crai.es\/wp-content\/uploads\/2024\/12\/CIAGRO1.png 360w\" sizes=\"auto, (max-width: 480px) 150px\" src=\"https:\/\/crai.es\/wp-content\/uploads\/2024\/12\/CIAGRO1-1024x340.png\" alt=\"CIAGRO1\" class=\"uag-image-891\" width=\"256\" height=\"85\" title=\"Instituto de Investigaci\u00f3n e Innovaci\u00f3n Agroalimentario y Agroambiental\" loading=\"lazy\" role=\"img\"\/><\/figure><\/div>\n\n\n\n<div class=\"wp-block-uagb-image aligncenter uagb-block-ab8a0f64 wp-block-uagb-image--layout-default wp-block-uagb-image--effect-static wp-block-uagb-image--align-center\"><figure class=\"wp-block-uagb-image__figure\"><img decoding=\"async\" srcset=\"https:\/\/crai.es\/wp-content\/uploads\/2024\/12\/IDiBE.jpg ,https:\/\/crai.es\/wp-content\/uploads\/2024\/12\/IDiBE.jpg 780w, https:\/\/crai.es\/wp-content\/uploads\/2024\/12\/IDiBE.jpg 360w\" sizes=\"auto, (max-width: 480px) 150px\" src=\"https:\/\/crai.es\/wp-content\/uploads\/2024\/12\/IDiBE.jpg\" alt=\"IDiBE\" class=\"uag-image-894\" width=\"106\" height=\"93\" title=\"Institituto de Investigaci\u00f3n, Desarrollo e Innovaci\u00f3n en Biotecnolog\u00eda Sanitaria de Elche\" loading=\"lazy\" role=\"img\"\/><\/figure><\/div>\n\n\n\n<div class=\"wp-block-uagb-image aligncenter uagb-block-51814869 wp-block-uagb-image--layout-default wp-block-uagb-image--effect-static wp-block-uagb-image--align-center\"><figure class=\"wp-block-uagb-image__figure\"><img decoding=\"async\" srcset=\"https:\/\/crai.es\/wp-content\/uploads\/2024\/12\/logo_umh.png ,https:\/\/crai.es\/wp-content\/uploads\/2024\/12\/logo_umh.png 780w, https:\/\/crai.es\/wp-content\/uploads\/2024\/12\/logo_umh.png 360w\" sizes=\"auto, (max-width: 480px) 150px\" src=\"https:\/\/crai.es\/wp-content\/uploads\/2024\/12\/logo_umh.png\" alt=\"logo_umh\" class=\"uag-image-898\" width=\"100\" height=\"117\" title=\"Universidad Miguel Hern\u00e1ndez de Elche\" loading=\"lazy\" role=\"img\"\/><\/figure><\/div>\n\n\n\n<div class=\"wp-block-uagb-image uagb-block-57b3383e wp-block-uagb-image--layout-default wp-block-uagb-image--effect-static wp-block-uagb-image--align-none\"><figure class=\"wp-block-uagb-image__figure\"><img decoding=\"async\" srcset=\"https:\/\/crai.es\/wp-content\/uploads\/2025\/12\/Logo_Telenatura1-1024x1012.png ,https:\/\/crai.es\/wp-content\/uploads\/2025\/12\/Logo_Telenatura1.png 780w, https:\/\/crai.es\/wp-content\/uploads\/2025\/12\/Logo_Telenatura1.png 360w\" sizes=\"auto, (max-width: 480px) 150px\" src=\"https:\/\/crai.es\/wp-content\/uploads\/2025\/12\/Logo_Telenatura1-1024x1012.png\" alt=\"\" class=\"uag-image-1594\" width=\"106\" height=\"104\" title=\"Telenatura EBT\" loading=\"lazy\" role=\"img\"\/><\/figure><\/div>\n<\/div><\/div>\n<\/div><\/div>\n\n\n\n<div class=\"wp-block-uagb-container uagb-block-db2d419d alignfull uagb-is-root-container\"><div class=\"uagb-container-inner-blocks-wrap\">\n<div class=\"wp-block-uagb-container uagb-layout-grid uagb-block-964d8b67\">\n<div class=\"wp-block-uagb-container uagb-block-b02c4f67\">\n<div class=\"wp-block-uagb-info-box uagb-block-f88e0df1 uagb-infobox__content-wrap  uagb-infobox-icon-above-title uagb-infobox-image-valign-top\" id=\"collaborate\"><div class=\"uagb-ifb-content\"><div class=\"uagb-ifb-title-wrap\"><h3 class=\"uagb-ifb-title\">Are you interested in collaborating?<\/h3><\/div><p class=\"uagb-ifb-desc\">Direct your support to a scientific area you\u2019re passionate about by making a targeted donation to thematic funds. You'll contribute to innovative research and impactful projects that generate knowledge for everyone. Contact us to leave a lasting impact.<\/p><div class=\"uagb-ifb-button-wrapper wp-block-button\"><a href=\"https:\/\/crai.es\/en\/apoyar-la-investigacion\/\" class=\"uagb-infobox-cta-link wp-block-button__link\" target=\"_self\" rel=\"noopener noreferrer\" onclick=\"return true;\"><span class=\"uagb-inline-editing\">Collaborate<\/span><svg xmlns=\"https:\/\/www.w3.org\/2000\/svg\" viewbox=\"0 0 512 512\"><path d=\"M502.6 278.6l-128 128c-12.51 12.51-32.76 12.49-45.25 0c-12.5-12.5-12.5-32.75 0-45.25L402.8 288H32C14.31 288 0 273.7 0 255.1S14.31 224 32 224h370.8l-73.38-73.38c-12.5-12.5-12.5-32.75 0-45.25s32.75-12.5 45.25 0l128 128C515.1 245.9 515.1 266.1 502.6 278.6z\"><\/path><\/svg><\/a><\/div><\/div><\/div>\n<\/div>\n\n\n\n<div class=\"wp-block-uagb-image aligncenter uagb-block-1ecf927d wp-block-uagb-image--layout-overlay wp-block-uagb-image--effect-static wp-block-uagb-image--align-center alignright\"><figure class=\"wp-block-uagb-image__figure\"><img decoding=\"async\" srcset=\"https:\/\/crai.es\/wp-content\/uploads\/2026\/02\/crai-colaboracion1-1024x683.jpeg ,https:\/\/crai.es\/wp-content\/uploads\/2026\/02\/crai-colaboracion1.jpeg 780w, https:\/\/crai.es\/wp-content\/uploads\/2026\/02\/crai-colaboracion1.jpeg 360w\" sizes=\"auto, (max-width: 480px) 150px\" src=\"https:\/\/crai.es\/wp-content\/uploads\/2026\/02\/crai-colaboracion1-1024x683.jpeg\" alt=\"\" class=\"uag-image-1930\" width=\"775\" height=\"547\" title=\"crai-colaboracio\u0301n\" loading=\"lazy\" role=\"img\"\/><div class=\"wp-block-uagb-image--layout-overlay__color-wrapper\"><\/div><div class=\"wp-block-uagb-image--layout-overlay__inner center-center\"><h2 class=\"uagb-image-heading\">Basic research<br>with sustainable impact<\/h2><\/div><\/figure><\/div>\n<\/div>\n\n\n\n<div class=\"wp-block-uagb-container uagb-layout-grid uagb-block-3e7a0fa1\">\n<div class=\"wp-block-uagb-advanced-heading uagb-block-165a3982\"><h2 class=\"uagb-heading-text\">Research for a better quality of life<\/h2><\/div>\n\n\n\n<div class=\"wp-block-uagb-advanced-heading uagb-block-0d1db6a6\"><p class=\"uagb-desc-text\">Our researchers strive to expand the boundaries of knowledge in their search for answers, continually exploring new frontiers. While ideas may be limitless, resources are often constrained. Your support can make a meaningful difference. Discover how you can contribute to the CRAI and help advance innovative research through your donation.<\/p><\/div>\n<\/div>\n\n\n\n<div class=\"wp-block-buttons is-content-justification-center is-layout-flex wp-container-core-buttons-is-layout-a89b3969 wp-block-buttons-is-layout-flex\">\n<div class=\"wp-block-button\"><a class=\"wp-block-button__link wp-element-button\" href=\"https:\/\/crai.es\/en\/contact\/\">Contact<\/a><\/div>\n<\/div>\n<\/div><\/div>","protected":false},"excerpt":{"rendered":"<p>L\u00edneas de investigaci\u00f3n del Pilar HUMAN Colaboramos con Investigaci\u00f3n para una mejor calidad de vida Nuestros investigadores se esfuerzan por expandir los l\u00edmites del conocimiento en su b\u00fasqueda de respuestas, explorando continuamente nuevas fronteras. Aunque sus ideas son infinitas, los recursos a menudo son limitados. Tu apoyo puede marcar la diferencia. Descubre c\u00f3mo puedes contribuir [&hellip;]<\/p>","protected":false},"author":1,"featured_media":0,"parent":0,"menu_order":0,"comment_status":"closed","ping_status":"closed","template":"","meta":{"_uag_custom_page_level_css":"","site-sidebar-layout":"no-sidebar","site-content-layout":"page-builder","ast-site-content-layout":"full-width-container","site-content-style":"unboxed","site-sidebar-style":"unboxed","ast-global-header-display":"","ast-banner-title-visibility":"","ast-main-header-display":"","ast-hfb-above-header-display":"","ast-hfb-below-header-display":"","ast-hfb-mobile-header-display":"","site-post-title":"disabled","ast-breadcrumbs-content":"","ast-featured-img":"disabled","footer-sml-layout":"","theme-transparent-header-meta":"enabled","adv-header-id-meta":"","stick-header-meta":"","header-above-stick-meta":"","header-main-stick-meta":"","header-below-stick-meta":"","astra-migrate-meta-layouts":"set","ast-page-background-enabled":"default","ast-page-background-meta":{"desktop":{"background-color":"","background-image":"","background-repeat":"repeat","background-position":"center center","background-size":"auto","background-attachment":"scroll","background-type":"","background-media":"","overlay-type":"","overlay-color":"","overlay-opacity":"","overlay-gradient":""},"tablet":{"background-color":"","background-image":"","background-repeat":"repeat","background-position":"center center","background-size":"auto","background-attachment":"scroll","background-type":"","background-media":"","overlay-type":"","overlay-color":"","overlay-opacity":"","overlay-gradient":""},"mobile":{"background-color":"","background-image":"","background-repeat":"repeat","background-position":"center center","background-size":"auto","background-attachment":"scroll","background-type":"","background-media":"","overlay-type":"","overlay-color":"","overlay-opacity":"","overlay-gradient":""}},"ast-content-background-meta":{"desktop":{"background-color":"var(--ast-global-color-5)","background-image":"","background-repeat":"repeat","background-position":"center center","background-size":"auto","background-attachment":"scroll","background-type":"","background-media":"","overlay-type":"","overlay-color":"","overlay-opacity":"","overlay-gradient":""},"tablet":{"background-color":"var(--ast-global-color-5)","background-image":"","background-repeat":"repeat","background-position":"center center","background-size":"auto","background-attachment":"scroll","background-type":"","background-media":"","overlay-type":"","overlay-color":"","overlay-opacity":"","overlay-gradient":""},"mobile":{"background-color":"var(--ast-global-color-5)","background-image":"","background-repeat":"repeat","background-position":"center center","background-size":"auto","background-attachment":"scroll","background-type":"","background-media":"","overlay-type":"","overlay-color":"","overlay-opacity":"","overlay-gradient":""}},"footnotes":""},"class_list":["post-1900","page","type-page","status-publish","hentry"],"aioseo_notices":[],"uagb_featured_image_src":{"full":false,"thumbnail":false,"medium":false,"medium_large":false,"large":false,"1536x1536":false,"2048x2048":false,"trp-custom-language-flag":false},"uagb_author_info":{"display_name":"draus@raus-partner.com","author_link":"https:\/\/crai.es\/en\/author\/drausraus-partner-com\/"},"uagb_comment_info":0,"uagb_excerpt":"L\u00edneas de investigaci\u00f3n del Pilar HUMAN Colaboramos con Investigaci\u00f3n para una mejor calidad de vida Nuestros investigadores se esfuerzan por expandir los l\u00edmites del conocimiento en su b\u00fasqueda de respuestas, explorando continuamente nuevas fronteras. Aunque sus ideas son infinitas, los recursos a menudo son limitados. Tu apoyo puede marcar la diferencia. Descubre c\u00f3mo puedes contribuir&hellip;","_links":{"self":[{"href":"https:\/\/crai.es\/en\/wp-json\/wp\/v2\/pages\/1900","targetHints":{"allow":["GET"]}}],"collection":[{"href":"https:\/\/crai.es\/en\/wp-json\/wp\/v2\/pages"}],"about":[{"href":"https:\/\/crai.es\/en\/wp-json\/wp\/v2\/types\/page"}],"author":[{"embeddable":true,"href":"https:\/\/crai.es\/en\/wp-json\/wp\/v2\/users\/1"}],"replies":[{"embeddable":true,"href":"https:\/\/crai.es\/en\/wp-json\/wp\/v2\/comments?post=1900"}],"version-history":[{"count":13,"href":"https:\/\/crai.es\/en\/wp-json\/wp\/v2\/pages\/1900\/revisions"}],"predecessor-version":[{"id":1985,"href":"https:\/\/crai.es\/en\/wp-json\/wp\/v2\/pages\/1900\/revisions\/1985"}],"wp:attachment":[{"href":"https:\/\/crai.es\/en\/wp-json\/wp\/v2\/media?parent=1900"}],"curies":[{"name":"wp","href":"https:\/\/api.w.org\/{rel}","templated":true}]}}