{"id":1824,"date":"2026-02-17T07:52:14","date_gmt":"2026-02-17T07:52:14","guid":{"rendered":"https:\/\/crai.es\/?page_id=1824"},"modified":"2026-02-21T09:39:03","modified_gmt":"2026-02-21T09:39:03","slug":"sobre-el-crai","status":"publish","type":"page","link":"https:\/\/crai.es\/en\/sobre-el-crai\/","title":{"rendered":"About the CRAI"},"content":{"rendered":"<div class=\"wp-block-uagb-container uagb-block-27ef9fe0 alignfull uagb-is-root-container\"><div class=\"uagb-container-inner-blocks-wrap\">\n<div class=\"wp-block-uagb-info-box uagb-block-d444f0cc uagb-infobox__content-wrap  uagb-infobox-icon-above-title uagb-infobox-image-valign-top wp-block-uagb-info-box--has-margin\"><div class=\"uagb-infobox-margin-wrapper\"><div class=\"uagb-ifb-content\"><div class=\"uagb-ifb-separator\"><\/div><div class=\"uagb-ifb-title-wrap\"><h1 class=\"uagb-ifb-title\">About<\/h1><\/div><\/div><\/div><\/div>\n<\/div><\/div>\n\n\n\n<div class=\"wp-block-group is-vertical is-content-justification-left is-nowrap is-layout-flex wp-container-core-group-is-layout-87328470 wp-block-group-is-layout-flex\">\n<div class=\"wp-block-uagb-separator uagb-block-72e3d1a6\"><div class=\"wp-block-uagb-separator__inner\" style=\"--my-background-image:\"><\/div><\/div>\n\n\n\n<div class=\"wp-block-uagb-container uag-blocks-common-selector uagb-block-25cf62e4 alignfull uagb-is-root-container\"><div class=\"uagb-container-inner-blocks-wrap\">\n<div class=\"wp-block-uagb-container uag-blocks-common-selector uagb-block-a71d85eb\">\n<div class=\"wp-block-uagb-advanced-heading uagb-block-b4935cf0\"><h2 class=\"uagb-heading-text\"><mark style=\"background-color:rgba(0, 0, 0, 0)\" class=\"has-inline-color has-ast-global-color-1-color\">About the CRAI<\/mark><\/h2><\/div>\n\n\n\n<div class=\"wp-block-uagb-info-box uagb-block-fcc40420 uagb-infobox__content-wrap  uagb-infobox-icon-above-title uagb-infobox-image-valign-top\"><div class=\"uagb-ifb-content\"><div class=\"uagb-ifb-title-wrap\"><\/div><p class=\"uagb-ifb-desc\"><strong>The Centro Rausenbach de An\u00e1lisis e Investigaci\u00f3n (CRAI) is an independent research institute based in Puerto Lumbreras (Spain), dedicated to the study of human biological systems within an evolutionary and ecological context.<br>It operates as a specialised scientific structure focused on the rigorous analysis of complex regulatory phenomena, with a long-term orientation and its own programmatic organisation.<br><\/strong><\/p><\/div><\/div>\n\n\n\n<div class=\"wp-block-uagb-info-box uagb-block-66b941f5 uagb-infobox__content-wrap  uagb-infobox-icon-above-title uagb-infobox-image-valign-top\"><div class=\"uagb-ifb-content\"><div class=\"uagb-ifb-title-wrap\"><h3 class=\"uagb-ifb-title\">Institutional Role<\/h3><\/div><p class=\"uagb-ifb-desc\">The CRAI has as its institutional function the contribution to the consolidation of coherent analytical frameworks for studying biological regulation and human variability.<br>The institute acts as a structured nucleus of independent research, promoting conceptual clarity, methodological stability, and the progressive accumulation of knowledge in interdisciplinary domains where biology, evolution, and environment converge.<br>Its activities are conducted under principles of scientific precision and institutional responsibility.<br><\/p><\/div><\/div>\n\n\n\n<div class=\"wp-block-uagb-info-box uagb-block-fb1b51e2 uagb-infobox__content-wrap  uagb-infobox-icon-above-title uagb-infobox-image-valign-top\"><div class=\"uagb-ifb-content\"><div class=\"uagb-ifb-title-wrap\"><h3 class=\"uagb-ifb-title\">Operational Approach<\/h3><\/div><p class=\"uagb-ifb-desc\">The research conducted by the CRAI integrates conceptual modelling, experimental analysis, and interdisciplinary evaluation of complex biological systems.<br>The scientific work is organised through defined programs, proprietary protocols, and selective collaboration with other academic or scientific entities.<br>The institute maintains an accumulative orientation, prioritising internal consistency and structural coherence over fragmentary or short-term approaches.<br><\/p><\/div><\/div>\n\n\n\n<div class=\"wp-block-uagb-image aligncenter uagb-block-cf9353db wp-block-uagb-image--layout-default wp-block-uagb-image--effect-static wp-block-uagb-image--align-center\"><figure class=\"wp-block-uagb-image__figure\"><img decoding=\"async\" srcset=\"https:\/\/crai.es\/wp-content\/uploads\/2025\/12\/lab-germinacion11.jpg ,https:\/\/crai.es\/wp-content\/uploads\/2025\/12\/lab-germinacion11.jpg 780w, https:\/\/crai.es\/wp-content\/uploads\/2025\/12\/lab-germinacion11.jpg 360w\" sizes=\"auto, (max-width: 480px) 150px\" src=\"https:\/\/crai.es\/wp-content\/uploads\/2025\/12\/lab-germinacion11.jpg\" alt=\"Lab-germinaci\u00f3n\" class=\"uag-image-1437\" width=\"600\" height=\"460\" title=\"lab-germinacio\u0301n(1)(1)\" loading=\"lazy\" role=\"img\"\/><\/figure><\/div>\n<\/div>\n\n\n\n<div class=\"wp-block-uagb-container uagb-layout-grid uagb-block-16f5afa9\">\n<div class=\"wp-block-uagb-image uagb-block-38736a33 wp-block-uagb-image--layout-default wp-block-uagb-image--effect-static wp-block-uagb-image--align-none\"><figure class=\"wp-block-uagb-image__figure\"><img decoding=\"async\" srcset=\"https:\/\/crai.es\/wp-content\/uploads\/2026\/02\/crai-cultivo-in-vitro1-683x1024.jpg ,https:\/\/crai.es\/wp-content\/uploads\/2026\/02\/crai-cultivo-in-vitro1.jpg 780w, https:\/\/crai.es\/wp-content\/uploads\/2026\/02\/crai-cultivo-in-vitro1.jpg 360w\" sizes=\"auto, (max-width: 480px) 150px\" src=\"https:\/\/crai.es\/wp-content\/uploads\/2026\/02\/crai-cultivo-in-vitro1-683x1024.jpg\" alt=\"\" class=\"uag-image-1826\" width=\"1024\" height=\"1536\" title=\"crai-cultivo in vitro(1)\" loading=\"lazy\" role=\"img\"\/><\/figure><\/div>\n\n\n\n<div class=\"wp-block-uagb-advanced-heading uagb-block-577af811\"><h3 class=\"uagb-heading-text\">Institutional Architecture<\/h3><\/div>\n\n\n\n<div class=\"wp-block-uagb-icon-list uagb-block-e29d3134\"><div class=\"uagb-icon-list__wrap\">\n<div class=\"wp-block-uagb-icon-list-child uagb-block-e170e70d\"><span class=\"uagb-icon-list__label\"><strong>The activities of CRAI are formally structured through:<\/strong><\/span><\/div>\n\n\n\n<div class=\"wp-block-uagb-icon-list-child uagb-block-d075c00d\"><a target=\"_self\" aria-label=\"Its Scientific Constitution, which defines its epistemological foundations.\" rel=\"noopener noreferrer\" href=\"https:\/\/crai.es\/en\/constitucion-cientifica-del-crai\/\"> <\/a><span class=\"uagb-icon-list__source-wrap\"><svg xmlns=\"https:\/\/www.w3.org\/2000\/svg\" viewbox=\"0 0 512 512\"><path d=\"M256 0C114.6 0 0 114.6 0 256c0 141.4 114.6 256 256 256s256-114.6 256-256C512 114.6 397.4 0 256 0zM406.6 278.6l-103.1 103.1c-12.5 12.5-32.75 12.5-45.25 0s-12.5-32.75 0-45.25L306.8 288H128C110.3 288 96 273.7 96 256s14.31-32 32-32h178.8l-49.38-49.38c-12.5-12.5-12.5-32.75 0-45.25s32.75-12.5 45.25 0l103.1 103.1C414.6 241.3 416 251.1 416 256C416 260.9 414.6 270.7 406.6 278.6z\"><\/path><\/svg><\/span><span class=\"uagb-icon-list__label\">Su <strong>Constituci\u00f3n Cient\u00edfica<\/strong>, que define sus fundamentos epistemol\u00f3gicos.<\/span><\/div>\n\n\n\n<div class=\"wp-block-uagb-icon-list-child uagb-block-06b22a19\"><a target=\"_self\" aria-label=\"Its Strategic Framework, which establishes its programmatic orientation.\" rel=\"noopener noreferrer\" href=\"https:\/\/crai.es\/en\/marco-estrategico\/\"> <\/a><span class=\"uagb-icon-list__source-wrap\"><svg xmlns=\"https:\/\/www.w3.org\/2000\/svg\" viewbox=\"0 0 512 512\"><path d=\"M256 0C114.6 0 0 114.6 0 256c0 141.4 114.6 256 256 256s256-114.6 256-256C512 114.6 397.4 0 256 0zM406.6 278.6l-103.1 103.1c-12.5 12.5-32.75 12.5-45.25 0s-12.5-32.75 0-45.25L306.8 288H128C110.3 288 96 273.7 96 256s14.31-32 32-32h178.8l-49.38-49.38c-12.5-12.5-12.5-32.75 0-45.25s32.75-12.5 45.25 0l103.1 103.1C414.6 241.3 416 251.1 416 256C416 260.9 414.6 270.7 406.6 278.6z\"><\/path><\/svg><\/span><span class=\"uagb-icon-list__label\">Su <strong>Marco Estrat\u00e9gico<\/strong>, que establece su orientaci\u00f3n program\u00e1tica.<\/span><\/div>\n\n\n\n<div class=\"wp-block-uagb-icon-list-child uagb-block-c2fa5f32\"><a target=\"_self\" aria-label=\"Its Research Lines, where the specific scientific content is developed.\" rel=\"noopener noreferrer\" href=\"https:\/\/crai.es\/en\/research\/\"> <\/a><span class=\"uagb-icon-list__source-wrap\"><svg xmlns=\"https:\/\/www.w3.org\/2000\/svg\" viewbox=\"0 0 512 512\"><path d=\"M256 0C114.6 0 0 114.6 0 256c0 141.4 114.6 256 256 256s256-114.6 256-256C512 114.6 397.4 0 256 0zM406.6 278.6l-103.1 103.1c-12.5 12.5-32.75 12.5-45.25 0s-12.5-32.75 0-45.25L306.8 288H128C110.3 288 96 273.7 96 256s14.31-32 32-32h178.8l-49.38-49.38c-12.5-12.5-12.5-32.75 0-45.25s32.75-12.5 45.25 0l103.1 103.1C414.6 241.3 416 251.1 416 256C416 260.9 414.6 270.7 406.6 278.6z\"><\/path><\/svg><\/span><span class=\"uagb-icon-list__label\">Sus <strong>L\u00edneas de Investigaci\u00f3n<\/strong>, donde se desarrollan los contenidos cient\u00edficos espec\u00edficos.<\/span><\/div>\n\n\n\n<div class=\"wp-block-uagb-icon-list-child uagb-block-fca55f88\"><span class=\"uagb-icon-list__label\">This structure ensures a clear differentiation between principles, planning, and research implementation.<\/span><\/div>\n<\/div><\/div>\n\n\n\n<div class=\"wp-block-uagb-advanced-heading uagb-block-729f15d9\"><h3 class=\"uagb-heading-text\">Scientific Directorate<\/h3><\/div>\n\n\n\n<div class=\"wp-block-uagb-icon-list uagb-block-db3c7bf2\"><div class=\"uagb-icon-list__wrap\">\n<div class=\"wp-block-uagb-icon-list-child uagb-block-871520fc\"><span class=\"uagb-icon-list__label\">The CRAI is directed by Daniel Raus de Baviera, specialised in Biomedicine and Molecular Biology and holding a PhD in Agricultural, Agro-Environmental and Food Science and Technology.<br>Su trayectoria integra investigaci\u00f3n en biolog\u00eda molecular, fitoqu\u00edmica y regulaci\u00f3n neurobiol\u00f3gica, con enfoque interdisciplinario y orientaci\u00f3n evolutiva.<br><\/span><\/div>\n<\/div><\/div>\n\n\n\n<div class=\"wp-block-uagb-icon-list uagb-block-140ec510\"><div class=\"uagb-icon-list__wrap\">\n<div class=\"wp-block-uagb-icon-list-child uagb-block-997c0153\"><a target=\"_self\" aria-label=\"Direcci\u00f3n cient\u00edfica\" rel=\"noopener noreferrer\" href=\"https:\/\/crai.es\/en\/dr-daniel-raus-de-baviera\/\"> <\/a><span class=\"uagb-icon-list__source-wrap\"><svg xmlns=\"https:\/\/www.w3.org\/2000\/svg\" viewbox=\"0 0 512 512\"><path d=\"M502.6 278.6l-128 128c-12.51 12.51-32.76 12.49-45.25 0c-12.5-12.5-12.5-32.75 0-45.25L402.8 288H32C14.31 288 0 273.7 0 255.1S14.31 224 32 224h370.8l-73.38-73.38c-12.5-12.5-12.5-32.75 0-45.25s32.75-12.5 45.25 0l128 128C515.1 245.9 515.1 266.1 502.6 278.6z\"><\/path><\/svg><\/span><span class=\"uagb-icon-list__label\"><strong>Direcci\u00f3n cient\u00edfica<\/strong><\/span><\/div>\n<\/div><\/div>\n<\/div>\n<\/div><\/div>\n<\/div>\n\n\n\n<p><\/p>","protected":false},"excerpt":{"rendered":"<p>Sobre el CRAI Arquitectura Institucional Direcci\u00f3n Cient\u00edfica<\/p>","protected":false},"author":1,"featured_media":0,"parent":0,"menu_order":0,"comment_status":"closed","ping_status":"closed","template":"","meta":{"_uag_custom_page_level_css":"","site-sidebar-layout":"no-sidebar","site-content-layout":"page-builder","ast-site-content-layout":"full-width-container","site-content-style":"unboxed","site-sidebar-style":"unboxed","ast-global-header-display":"","ast-banner-title-visibility":"","ast-main-header-display":"","ast-hfb-above-header-display":"","ast-hfb-below-header-display":"","ast-hfb-mobile-header-display":"","site-post-title":"disabled","ast-breadcrumbs-content":"","ast-featured-img":"disabled","footer-sml-layout":"","theme-transparent-header-meta":"enabled","adv-header-id-meta":"","stick-header-meta":"","header-above-stick-meta":"","header-main-stick-meta":"","header-below-stick-meta":"","astra-migrate-meta-layouts":"set","ast-page-background-enabled":"default","ast-page-background-meta":{"desktop":{"background-color":"","background-image":"","background-repeat":"repeat","background-position":"center center","background-size":"auto","background-attachment":"scroll","background-type":"","background-media":"","overlay-type":"","overlay-color":"","overlay-opacity":"","overlay-gradient":""},"tablet":{"background-color":"","background-image":"","background-repeat":"repeat","background-position":"center center","background-size":"auto","background-attachment":"scroll","background-type":"","background-media":"","overlay-type":"","overlay-color":"","overlay-opacity":"","overlay-gradient":""},"mobile":{"background-color":"","background-image":"","background-repeat":"repeat","background-position":"center center","background-size":"auto","background-attachment":"scroll","background-type":"","background-media":"","overlay-type":"","overlay-color":"","overlay-opacity":"","overlay-gradient":""}},"ast-content-background-meta":{"desktop":{"background-color":"var(--ast-global-color-5)","background-image":"","background-repeat":"repeat","background-position":"center center","background-size":"auto","background-attachment":"scroll","background-type":"","background-media":"","overlay-type":"","overlay-color":"","overlay-opacity":"","overlay-gradient":""},"tablet":{"background-color":"var(--ast-global-color-5)","background-image":"","background-repeat":"repeat","background-position":"center center","background-size":"auto","background-attachment":"scroll","background-type":"","background-media":"","overlay-type":"","overlay-color":"","overlay-opacity":"","overlay-gradient":""},"mobile":{"background-color":"var(--ast-global-color-5)","background-image":"","background-repeat":"repeat","background-position":"center center","background-size":"auto","background-attachment":"scroll","background-type":"","background-media":"","overlay-type":"","overlay-color":"","overlay-opacity":"","overlay-gradient":""}},"footnotes":""},"class_list":["post-1824","page","type-page","status-publish","hentry"],"aioseo_notices":[],"uagb_featured_image_src":{"full":false,"thumbnail":false,"medium":false,"medium_large":false,"large":false,"1536x1536":false,"2048x2048":false,"trp-custom-language-flag":false},"uagb_author_info":{"display_name":"draus@raus-partner.com","author_link":"https:\/\/crai.es\/en\/author\/drausraus-partner-com\/"},"uagb_comment_info":0,"uagb_excerpt":"Sobre el CRAI Arquitectura Institucional Direcci\u00f3n Cient\u00edfica","_links":{"self":[{"href":"https:\/\/crai.es\/en\/wp-json\/wp\/v2\/pages\/1824","targetHints":{"allow":["GET"]}}],"collection":[{"href":"https:\/\/crai.es\/en\/wp-json\/wp\/v2\/pages"}],"about":[{"href":"https:\/\/crai.es\/en\/wp-json\/wp\/v2\/types\/page"}],"author":[{"embeddable":true,"href":"https:\/\/crai.es\/en\/wp-json\/wp\/v2\/users\/1"}],"replies":[{"embeddable":true,"href":"https:\/\/crai.es\/en\/wp-json\/wp\/v2\/comments?post=1824"}],"version-history":[{"count":12,"href":"https:\/\/crai.es\/en\/wp-json\/wp\/v2\/pages\/1824\/revisions"}],"predecessor-version":[{"id":1991,"href":"https:\/\/crai.es\/en\/wp-json\/wp\/v2\/pages\/1824\/revisions\/1991"}],"wp:attachment":[{"href":"https:\/\/crai.es\/en\/wp-json\/wp\/v2\/media?parent=1824"}],"curies":[{"name":"wp","href":"https:\/\/api.w.org\/{rel}","templated":true}]}}