{"id":1434,"date":"2025-12-16T12:05:01","date_gmt":"2025-12-16T12:05:01","guid":{"rendered":"https:\/\/crai.es\/?page_id=1434"},"modified":"2025-12-19T08:59:00","modified_gmt":"2025-12-19T08:59:00","slug":"apoyar-la-investigacion","status":"publish","type":"page","link":"https:\/\/crai.es\/en\/apoyar-la-investigacion\/","title":{"rendered":"Support research that generates real impact"},"content":{"rendered":"<div class=\"wp-block-uagb-container uagb-block-27ef9fe0 alignfull uagb-is-root-container\"><div class=\"uagb-container-inner-blocks-wrap\">\n<div class=\"wp-block-uagb-info-box uagb-block-d444f0cc uagb-infobox__content-wrap  uagb-infobox-icon-above-title uagb-infobox-image-valign-top wp-block-uagb-info-box--has-margin\"><div class=\"uagb-infobox-margin-wrapper\"><div class=\"uagb-ifb-content\"><div class=\"uagb-ifb-separator\"><\/div><div class=\"uagb-ifb-title-wrap\"><h1 class=\"uagb-ifb-title\">Support research that generates real impact<\/h1><\/div><\/div><\/div><\/div>\n<\/div><\/div>\n\n\n\n<div class=\"wp-block-uagb-container uagb-block-7479c618 alignfull uagb-is-root-container\"><div class=\"uagb-container-inner-blocks-wrap\">\n<div class=\"wp-block-uagb-advanced-heading uagb-block-6f8255de\"><h2 class=\"uagb-heading-text\">Contribute to the CRAI \u2013 Centro Rausenbach de An\u00e1lisis e Investigaci\u00f3n<\/h2><\/div>\n\n\n\n<div class=\"wp-block-uagb-info-box uagb-block-73f2b6ee uagb-infobox__content-wrap  uagb-infobox-icon-above-title uagb-infobox-image-valign-top\"><div class=\"uagb-ifb-content\"><div class=\"uagb-ifb-title-wrap\"><\/div><p class=\"uagb-ifb-desc\">At CRAI, we believe in independent, rigorous research focused on long-term social impact. The major scientific and social challenges of our time exceed the capabilities of any single actor and require a pooling of knowledge, resources, and vision. Therefore, collaboration is an essential tool for us to transform high-quality science into solutions with real impact.<\/p><\/div><\/div>\n\n\n\n<div class=\"wp-block-uagb-container uagb-block-43eb9d9b alignfull uagb-is-root-container\"><div class=\"uagb-container-inner-blocks-wrap\">\n<div class=\"wp-block-uagb-container uagb-block-922a985c\">\n<div class=\"wp-block-uagb-image uagb-block-b0282055 wp-block-uagb-image--layout-default wp-block-uagb-image--effect-static wp-block-uagb-image--align-none\"><figure class=\"wp-block-uagb-image__figure\"><img decoding=\"async\" srcset=\"https:\/\/crai.es\/wp-content\/uploads\/2025\/12\/lab-germinacion11.jpg ,https:\/\/crai.es\/wp-content\/uploads\/2025\/12\/lab-germinacion11.jpg 780w, https:\/\/crai.es\/wp-content\/uploads\/2025\/12\/lab-germinacion11.jpg 360w\" sizes=\"auto, (max-width: 480px) 150px\" src=\"https:\/\/crai.es\/wp-content\/uploads\/2025\/12\/lab-germinacion11.jpg\" alt=\"Lab-germinaci\u00f3n\" class=\"uag-image-1437\" width=\"600\" height=\"180\" title=\"lab-germinacio\u0301n(1)(1)\" loading=\"lazy\" role=\"img\"\/><\/figure><\/div>\n\n\n\n<div class=\"wp-block-uagb-info-box uagb-block-a394f879 uagb-infobox__content-wrap  uagb-infobox-icon-above-title uagb-infobox-image-valign-top\" id=\"crai.es\/contact\"><div class=\"uagb-ifb-content\"><div class=\"uagb-ifb-title-wrap\"><span class=\"uagb-ifb-title-prefix\"><mark style=\"background-color:rgba(0, 0, 0, 0)\" class=\"has-inline-color has-ast-global-color-1-color\"><strong>What we do<\/strong><\/mark><\/span><h4 class=\"uagb-ifb-title\">Independent research for the challenges of our time<\/h4><\/div><p class=\"uagb-ifb-desc\">The Rausenbach Centre for Analysis and Research is an independent entity dedicated to promoting rigorous scientific research with a clear objective: to generate relevant knowledge that has a positive, lasting and socially significant impact.<br>We live in an era marked by complex challenges of environmental crises, profound changes in human health, technological transformation, and social tensions that require interdisciplinary thinking, long-term vision, and evidence-based responses.<br>At CRAI we work to provide those answers from science.<br><br><strong><strong>Your contribution doesn't just fund projects: it funds possibilities.<\/strong><\/strong><\/p><div class=\"uagb-ifb-button-wrapper wp-block-button\"><a href=\"https:\/\/crai.es\/en\/human-plant-co-evolution-neurobiology-initiative\/\" class=\"uagb-infobox-cta-link ast-outline-button\" target=\"_self\" rel=\"noopener noreferrer\" style=\"border-width:revert-layer\" onclick=\"return true;\"><span class=\"uagb-inline-editing\">More information<\/span><\/a><\/div><\/div><\/div>\n<\/div>\n\n\n\n<div class=\"wp-block-uagb-container uagb-block-5912b95d\">\n<div class=\"wp-block-uagb-image uagb-block-cffae90d wp-block-uagb-image--layout-default wp-block-uagb-image--effect-static wp-block-uagb-image--align-none\"><figure class=\"wp-block-uagb-image__figure\"><img decoding=\"async\" srcset=\"https:\/\/crai.es\/wp-content\/uploads\/2025\/12\/crai-logo-lab.jpg ,https:\/\/crai.es\/wp-content\/uploads\/2025\/12\/crai-logo-lab.jpg 780w, https:\/\/crai.es\/wp-content\/uploads\/2025\/12\/crai-logo-lab.jpg 360w\" sizes=\"auto, (max-width: 480px) 150px\" src=\"https:\/\/crai.es\/wp-content\/uploads\/2025\/12\/crai-logo-lab.jpg\" alt=\"\" class=\"uag-image-1459\" width=\"997\" height=\"180\" title=\"crai-logo-lab\" loading=\"lazy\" role=\"img\"\/><\/figure><\/div>\n\n\n\n<div class=\"wp-block-uagb-info-box uagb-block-5da835d4 uagb-infobox__content-wrap  uagb-infobox-icon-above-title uagb-infobox-image-valign-top\" id=\"crai.es\/contact\"><div class=\"uagb-ifb-content\"><div class=\"uagb-ifb-title-wrap\"><span class=\"uagb-ifb-title-prefix\"><strong><mark style=\"background-color:rgba(0, 0, 0, 0)\" class=\"has-inline-color has-ast-global-color-1-color\">Who we are<\/mark><\/strong><\/span><h4 class=\"uagb-ifb-title\">An independent institution at the service of knowledge and society<\/h4><\/div><p class=\"uagb-ifb-desc\">The Rausenbach Centre for Analysis and Research was created with the mission of preserving scientific freedom, exploring relevant questions that are often left out of traditional funding frameworks, and connecting science, society, and the future.<br>Our work is based on:<br>&gt; High-quality interdisciplinary research<br>&gt; Intellectual and methodological independence<br>&gt; Focus on medium and long-term social impact<br>&gt; Commitment to transparency and scientific responsibility<br><br><strong>We believe that science should serve the long-term collective well-being, not just short-term interests.<\/strong><\/p><div class=\"uagb-ifb-button-wrapper uagb-ifb-button-type-text wp-block-button\"><a href=\"https:\/\/crai.es\/en\/about-us\/\" target=\"_blank\" onclick=\"return true;\" class=\"uagb-infobox-cta-link ast-outline-button\" rel=\"noopener noreferrer\" style=\"border-width:revert-layer\"><span class=\"uagb-inline-editing\">More information<\/span><svg xmlns=\"https:\/\/www.w3.org\/2000\/svg\" viewbox=\"0 0 512 512\"><path d=\"M504.3 273.6l-112.1 104c-6.992 6.484-17.18 8.218-25.94 4.406c-8.758-3.812-14.42-12.45-14.42-21.1L351.9 288H32C14.33 288 .0002 273.7 .0002 255.1S14.33 224 32 224h319.9l0-72c0-9.547 5.66-18.19 14.42-22c8.754-3.809 18.95-2.075 25.94 4.41l112.1 104C514.6 247.9 514.6 264.1 504.3 273.6z\"><\/path><\/svg><\/a><\/div><\/div><\/div>\n<\/div>\n\n\n\n<div class=\"wp-block-uagb-container uagb-block-30807eb1\">\n<div class=\"wp-block-uagb-image uagb-block-19eab4ca wp-block-uagb-image--layout-default wp-block-uagb-image--effect-static wp-block-uagb-image--align-none\"><figure class=\"wp-block-uagb-image__figure\"><img decoding=\"async\" srcset=\"https:\/\/crai.es\/wp-content\/uploads\/2025\/12\/crai-donacion-683x1024.jpg ,https:\/\/crai.es\/wp-content\/uploads\/2025\/12\/crai-donacion.jpg 780w, https:\/\/crai.es\/wp-content\/uploads\/2025\/12\/crai-donacion.jpg 360w\" sizes=\"auto, (max-width: 480px) 150px\" src=\"https:\/\/crai.es\/wp-content\/uploads\/2025\/12\/crai-donacion-683x1024.jpg\" alt=\"\" class=\"uag-image-1447\" width=\"271\" height=\"180\" title=\"crai-donacio\u0301n\" loading=\"lazy\" role=\"img\"\/><\/figure><\/div>\n\n\n\n<div class=\"wp-block-uagb-info-box uagb-block-71bacb3e uagb-infobox__content-wrap  uagb-infobox-icon-above-title uagb-infobox-image-valign-top\" id=\"crai.es\/contact\"><div class=\"uagb-ifb-content\"><div class=\"uagb-ifb-title-wrap\"><span class=\"uagb-ifb-title-prefix\"><strong><mark style=\"background-color:rgba(0, 0, 0, 0)\" class=\"has-inline-color has-ast-global-color-1-color\">Why your support is crucial<\/mark><\/strong><\/span><h4 class=\"uagb-ifb-title\">When ideas need time, freedom, and trust<\/h4><\/div><p class=\"uagb-ifb-desc\">Many of the scientific ideas with the greatest transformative potential do not immediately fit into public or private funding programs, especially when they are exploratory, interdisciplinary, or long-term.<br>Thanks to the support of committed individuals, foundations, and institutions, the CRAI is able to:<br>&gt; To give initial impetus to promising scientific ideas<br>&gt; Filling funding gaps in critical phases of research<br>&gt; Accelerate the transfer of knowledge to real-world applications<br>&gt; Maintain independent and socially relevant lines of work<br><strong>Their support creates the necessary space for transformative research to move forward.<\/strong><br><\/p><div class=\"uagb-ifb-button-wrapper wp-block-button\"><a href=\"\/en\/contact\/\" class=\"uagb-infobox-cta-link ast-outline-button\" target=\"_self\" rel=\"noopener noreferrer\" style=\"border-width:revert-layer\" onclick=\"return true;\"><span class=\"uagb-inline-editing\">Contact<\/span><svg xmlns=\"https:\/\/www.w3.org\/2000\/svg\" viewbox=\"0 0 512 512\"><path d=\"M504.3 273.6l-112.1 104c-6.992 6.484-17.18 8.218-25.94 4.406c-8.758-3.812-14.42-12.45-14.42-21.1L351.9 288H32C14.33 288 .0002 273.7 .0002 255.1S14.33 224 32 224h319.9l0-72c0-9.547 5.66-18.19 14.42-22c8.754-3.809 18.95-2.075 25.94 4.41l112.1 104C514.6 247.9 514.6 264.1 504.3 273.6z\"><\/path><\/svg><\/a><\/div><\/div><\/div>\n<\/div>\n<\/div><\/div>\n<\/div><\/div>\n\n\n\n<div class=\"wp-block-uagb-container uagb-block-b4735b3e alignfull uagb-is-root-container\"><div class=\"uagb-container-inner-blocks-wrap\">\n<div class=\"wp-block-uagb-advanced-heading uagb-block-c59832a9\"><h2 class=\"uagb-heading-text\">Different ways to generate scientific and social impact<\/h2><\/div>\n\n\n\n<div class=\"wp-block-uagb-container uagb-block-78bb56bf alignfull uagb-is-root-container\"><div class=\"uagb-container-inner-blocks-wrap\">\n<details class=\"wp-block-details is-layout-flow wp-block-details-is-layout-flow\" open><summary>Long-term impact<\/summary>\n<div class=\"wp-block-uagb-image uagb-block-eebfafcc wp-block-uagb-image--layout-default wp-block-uagb-image--effect-static wp-block-uagb-image--align-none aligncenter\"><figure class=\"wp-block-uagb-image__figure\"><img loading=\"lazy\" decoding=\"async\" srcset=\"https:\/\/crai.es\/wp-content\/uploads\/2025\/12\/lab-germinacion11.jpg ,https:\/\/crai.es\/wp-content\/uploads\/2025\/12\/lab-germinacion11.jpg 780w, https:\/\/crai.es\/wp-content\/uploads\/2025\/12\/lab-germinacion11.jpg 360w\" sizes=\"auto, (max-width: 480px) 150px\" src=\"https:\/\/crai.es\/wp-content\/uploads\/2025\/12\/lab-germinacion11.jpg\" alt=\"Lab-germinaci\u00f3n\" class=\"uag-image-1437\" width=\"265\" height=\"245\" title=\"lab-germinacio\u0301n\" role=\"img\"\/><\/figure><\/div>\n\n\n\n<p><strong>Endowment<\/strong><\/p>\n\n\n\n<p>Contributions intended for the endowment allow a <strong>sustainable and lasting financing<\/strong> of our research lines. Capital is managed prudently and its returns are allocated to strategic research<\/p>\n\n\n\n<p>Ideal for those who wish to leave a long-term scientific mark.<\/p>\n<\/details>\n\n\n\n<details class=\"wp-block-details is-layout-flow wp-block-details-is-layout-flow\" open><summary>Support what matters most to you<\/summary>\n<div class=\"wp-block-uagb-image aligncenter uagb-block-31a34fcf wp-block-uagb-image--layout-default wp-block-uagb-image--effect-static wp-block-uagb-image--align-center\"><figure class=\"wp-block-uagb-image__figure\"><img decoding=\"async\" srcset=\"https:\/\/crai.es\/wp-content\/uploads\/2025\/12\/crai-lab-neuro1.jpg ,https:\/\/crai.es\/wp-content\/uploads\/2025\/12\/crai-lab-neuro1.jpg 780w, https:\/\/crai.es\/wp-content\/uploads\/2025\/12\/crai-lab-neuro1.jpg 360w\" sizes=\"auto, (max-width: 480px) 150px\" src=\"https:\/\/crai.es\/wp-content\/uploads\/2025\/12\/crai-lab-neuro1.jpg\" alt=\"\" class=\"uag-image-1442\" width=\"265\" height=\"245\" title=\"crai-lab-neuro(1)\" loading=\"lazy\" role=\"img\"\/><\/figure><\/div>\n\n\n\n<p><strong>Thematic funds<\/strong><\/p>\n\n\n\n<p>You can contribute to the creation or support of <strong>funds linked to specific areas<\/strong> within our lines of research (health, neuroscience, human-plant interaction, environmental sustainability, etc.).<br><\/p>\n\n\n\n<p>Your contribution is used exclusively for the area you choose to support.<\/p>\n<\/details>\n\n\n\n<details class=\"wp-block-details is-layout-flow wp-block-details-is-layout-flow\" open><summary>Direct and flexible contribution<\/summary>\n<div class=\"wp-block-uagb-image aligncenter uagb-block-ab8a0f64 wp-block-uagb-image--layout-default wp-block-uagb-image--effect-static wp-block-uagb-image--align-center\"><figure class=\"wp-block-uagb-image__figure\"><img decoding=\"async\" srcset=\"https:\/\/crai.es\/wp-content\/uploads\/2025\/12\/crai-donacion1.jpg ,https:\/\/crai.es\/wp-content\/uploads\/2025\/12\/crai-donacion1.jpg 780w, https:\/\/crai.es\/wp-content\/uploads\/2025\/12\/crai-donacion1.jpg 360w\" sizes=\"auto, (max-width: 480px) 150px\" src=\"https:\/\/crai.es\/wp-content\/uploads\/2025\/12\/crai-donacion1.jpg\" alt=\"\" class=\"uag-image-1448\" width=\"265\" height=\"245\" title=\"crai-donacio\u0301n(1)\" loading=\"lazy\" role=\"img\"\/><\/figure><\/div>\n\n\n\n<p><strong>Donations<\/strong><\/p>\n\n\n\n<p>Donations allow for <strong>agile, immediate and effective support<\/strong> of the CRAI's scientific activity, facilitating the progress of ongoing projects or the start of new lines and initiatives of research.<\/p>\n\n\n\n<p>Every contribution, regardless of size, adds up.<\/p>\n<\/details>\n\n\n\n<details class=\"wp-block-details is-layout-flow wp-block-details-is-layout-flow\" open><summary>Building alliances<\/summary>\n<div class=\"wp-block-uagb-image aligncenter uagb-block-51814869 wp-block-uagb-image--layout-default wp-block-uagb-image--effect-static wp-block-uagb-image--align-center\"><figure class=\"wp-block-uagb-image__figure\"><img decoding=\"async\" srcset=\"https:\/\/crai.es\/wp-content\/uploads\/2025\/12\/crai-colaboracion1-1024x683.jpeg ,https:\/\/crai.es\/wp-content\/uploads\/2025\/12\/crai-colaboracion1.jpeg 780w, https:\/\/crai.es\/wp-content\/uploads\/2025\/12\/crai-colaboracion1.jpeg 360w\" sizes=\"auto, (max-width: 480px) 150px\" src=\"https:\/\/crai.es\/wp-content\/uploads\/2025\/12\/crai-colaboracion1-1024x683.jpeg\" alt=\"\" class=\"uag-image-1444\" width=\"265\" height=\"245\" title=\"crai-colaboracio\u0301n\" loading=\"lazy\" role=\"img\"\/><\/figure><\/div>\n\n\n\n<p><strong>Institutional cooperation<\/strong><\/p>\n\n\n\n<p>The CRAI actively promotes collaboration with strategic stakeholders to <strong>combine resources, knowledge, and capabilities<\/strong> in projects of common interest.<\/p>\n\n\n\n<p>We firmly believe that major challenges can only be addressed through cooperation.<\/p>\n<\/details>\n<\/div><\/div>\n<\/div><\/div>\n\n\n\n<div class=\"wp-block-uagb-container uagb-block-db2d419d alignfull uagb-is-root-container\"><div class=\"uagb-container-inner-blocks-wrap\">\n<div class=\"wp-block-uagb-container uagb-layout-grid uagb-block-964d8b67\">\n<div class=\"wp-block-uagb-info-box uagb-block-f88e0df1 uagb-infobox__content-wrap  uagb-infobox-icon-above-title uagb-infobox-image-valign-top\" id=\"collaborate\"><div class=\"uagb-ifb-content\"><div class=\"uagb-ifb-title-wrap\"><h3 class=\"uagb-ifb-title\">Investing in science is investing in the future<\/h3><\/div><p class=\"uagb-ifb-desc\">History demonstrates that <strong>independent and sustained research<\/strong> is the foundation of the greatest scientific and social advances.<br>Many of the ideas that are transforming our lives today were born thanks to early support, when their value was not yet apparent.<br><br>At CRAI, we aspire to create that space where <strong>scientific excellence, intellectual freedom, and social responsibility<\/strong> meet.<\/p><\/div><\/div>\n\n\n\n<div class=\"wp-block-uagb-image aligncenter uagb-block-1ecf927d wp-block-uagb-image--layout-overlay wp-block-uagb-image--effect-static wp-block-uagb-image--align-center alignright\"><figure class=\"wp-block-uagb-image__figure\"><img decoding=\"async\" srcset=\"https:\/\/crai.es\/wp-content\/uploads\/2024\/12\/estudio_cultivo.jpg ,https:\/\/crai.es\/wp-content\/uploads\/2024\/12\/estudio_cultivo.jpg 780w, https:\/\/crai.es\/wp-content\/uploads\/2024\/12\/estudio_cultivo.jpg 360w\" sizes=\"auto, (max-width: 480px) 150px\" src=\"https:\/\/crai.es\/wp-content\/uploads\/2024\/12\/estudio_cultivo.jpg\" alt=\"estudio_cultivo\" class=\"uag-image-823\" width=\"800\" height=\"565\" title=\"estudio_cultivo\" loading=\"lazy\" role=\"img\"\/><div class=\"wp-block-uagb-image--layout-overlay__color-wrapper\"><\/div><div class=\"wp-block-uagb-image--layout-overlay__inner center-center\"><h2 class=\"uagb-image-heading\">Basic research<br>with sustainable impact<\/h2><\/div><\/figure><\/div>\n<\/div>\n\n\n\n<div class=\"wp-block-uagb-container uagb-layout-grid uagb-block-3e7a0fa1\">\n<div class=\"wp-block-uagb-advanced-heading uagb-block-165a3982\"><h2 class=\"uagb-heading-text\">Your vision matters<\/h2><\/div>\n\n\n\n<div class=\"wp-block-uagb-advanced-heading uagb-block-0d1db6a6\"><p class=\"uagb-desc-text\">Do you have an idea, a concern, or a project that you would like to pursue through scientific research?<br>Would you like to explore how your support can have the greatest possible impact?<br><strong>We are at your disposal to talk, advise and support you.<\/strong><\/p><\/div>\n<\/div>\n\n\n\n<div class=\"wp-block-buttons is-content-justification-center is-layout-flex wp-container-core-buttons-is-layout-a89b3969 wp-block-buttons-is-layout-flex\">\n<div class=\"wp-block-button\"><a class=\"wp-block-button__link wp-element-button\" href=\"https:\/\/crai.es\/en\/contact\/\">Contact<\/a><\/div>\n<\/div>\n<\/div><\/div>","protected":false},"excerpt":{"rendered":"<p>Contribuya al CRAI \u2013 Centro Rausenbach de An\u00e1lisis e Investigaci\u00f3n Diferentes v\u00edas para generar impacto cient\u00edfico y social Su visi\u00f3n importa \u00bfTiene una idea, una inquietud o un proyecto que le gustar\u00eda impulsar a trav\u00e9s de la investigaci\u00f3n cient\u00edfica?\u00bfDesea explorar c\u00f3mo su apoyo puede generar el mayor impacto posible?Estamos a su disposici\u00f3n para dialogar, asesorar [&hellip;]<\/p>\n","protected":false},"author":1,"featured_media":0,"parent":0,"menu_order":0,"comment_status":"closed","ping_status":"closed","template":"","meta":{"_uag_custom_page_level_css":"","site-sidebar-layout":"no-sidebar","site-content-layout":"page-builder","ast-site-content-layout":"full-width-container","site-content-style":"unboxed","site-sidebar-style":"unboxed","ast-global-header-display":"","ast-banner-title-visibility":"","ast-main-header-display":"","ast-hfb-above-header-display":"","ast-hfb-below-header-display":"","ast-hfb-mobile-header-display":"","site-post-title":"disabled","ast-breadcrumbs-content":"","ast-featured-img":"disabled","footer-sml-layout":"","ast-disable-related-posts":"","theme-transparent-header-meta":"enabled","adv-header-id-meta":"","stick-header-meta":"","header-above-stick-meta":"","header-main-stick-meta":"","header-below-stick-meta":"","astra-migrate-meta-layouts":"set","ast-page-background-enabled":"default","ast-page-background-meta":{"desktop":{"background-color":"","background-image":"","background-repeat":"repeat","background-position":"center center","background-size":"auto","background-attachment":"scroll","background-type":"","background-media":"","overlay-type":"","overlay-color":"","overlay-opacity":"","overlay-gradient":""},"tablet":{"background-color":"","background-image":"","background-repeat":"repeat","background-position":"center center","background-size":"auto","background-attachment":"scroll","background-type":"","background-media":"","overlay-type":"","overlay-color":"","overlay-opacity":"","overlay-gradient":""},"mobile":{"background-color":"","background-image":"","background-repeat":"repeat","background-position":"center center","background-size":"auto","background-attachment":"scroll","background-type":"","background-media":"","overlay-type":"","overlay-color":"","overlay-opacity":"","overlay-gradient":""}},"ast-content-background-meta":{"desktop":{"background-color":"var(--ast-global-color-4)","background-image":"","background-repeat":"repeat","background-position":"center center","background-size":"auto","background-attachment":"scroll","background-type":"","background-media":"","overlay-type":"","overlay-color":"","overlay-opacity":"","overlay-gradient":""},"tablet":{"background-color":"var(--ast-global-color-4)","background-image":"","background-repeat":"repeat","background-position":"center center","background-size":"auto","background-attachment":"scroll","background-type":"","background-media":"","overlay-type":"","overlay-color":"","overlay-opacity":"","overlay-gradient":""},"mobile":{"background-color":"var(--ast-global-color-4)","background-image":"","background-repeat":"repeat","background-position":"center center","background-size":"auto","background-attachment":"scroll","background-type":"","background-media":"","overlay-type":"","overlay-color":"","overlay-opacity":"","overlay-gradient":""}},"footnotes":""},"class_list":["post-1434","page","type-page","status-publish","hentry"],"aioseo_notices":[],"uagb_featured_image_src":{"full":false,"thumbnail":false,"medium":false,"medium_large":false,"large":false,"1536x1536":false,"2048x2048":false,"trp-custom-language-flag":false},"uagb_author_info":{"display_name":"draus@raus-partner.com","author_link":"https:\/\/crai.es\/en\/author\/drausraus-partner-com\/"},"uagb_comment_info":0,"uagb_excerpt":"Contribuya al CRAI \u2013 Centro Rausenbach de An\u00e1lisis e Investigaci\u00f3n Diferentes v\u00edas para generar impacto cient\u00edfico y social Su visi\u00f3n importa \u00bfTiene una idea, una inquietud o un proyecto que le gustar\u00eda impulsar a trav\u00e9s de la investigaci\u00f3n cient\u00edfica?\u00bfDesea explorar c\u00f3mo su apoyo puede generar el mayor impacto posible?Estamos a su disposici\u00f3n para dialogar, asesorar&hellip;","_links":{"self":[{"href":"https:\/\/crai.es\/en\/wp-json\/wp\/v2\/pages\/1434","targetHints":{"allow":["GET"]}}],"collection":[{"href":"https:\/\/crai.es\/en\/wp-json\/wp\/v2\/pages"}],"about":[{"href":"https:\/\/crai.es\/en\/wp-json\/wp\/v2\/types\/page"}],"author":[{"embeddable":true,"href":"https:\/\/crai.es\/en\/wp-json\/wp\/v2\/users\/1"}],"replies":[{"embeddable":true,"href":"https:\/\/crai.es\/en\/wp-json\/wp\/v2\/comments?post=1434"}],"version-history":[{"count":29,"href":"https:\/\/crai.es\/en\/wp-json\/wp\/v2\/pages\/1434\/revisions"}],"predecessor-version":[{"id":1642,"href":"https:\/\/crai.es\/en\/wp-json\/wp\/v2\/pages\/1434\/revisions\/1642"}],"wp:attachment":[{"href":"https:\/\/crai.es\/en\/wp-json\/wp\/v2\/media?parent=1434"}],"curies":[{"name":"wp","href":"https:\/\/api.w.org\/{rel}","templated":true}]}}