{"id":1316,"date":"2025-12-15T09:18:28","date_gmt":"2025-12-15T09:18:28","guid":{"rendered":"https:\/\/crai.es\/?page_id=1316"},"modified":"2026-02-20T11:05:12","modified_gmt":"2026-02-20T11:05:12","slug":"neurophytome","status":"publish","type":"page","link":"https:\/\/crai.es\/en\/neurophytome\/","title":{"rendered":"NeuroPhytome &#8211; Interacciones entre plantas y cerebro"},"content":{"rendered":"<div class=\"wp-block-cover alignfull wp-duotone-unset-1\"><img decoding=\"async\" class=\"wp-block-cover__image-background\" alt=\"\" src=\"https:\/\/crai.es\/wp-content\/uploads\/2025\/12\/iniciativa-CHPN3-1024x516.png\" data-object-fit=\"cover\"\/><span aria-hidden=\"true\" class=\"wp-block-cover__background has-background-dim-60 has-background-dim wp-block-cover__gradient-background has-background-gradient\" style=\"background:linear-gradient(0deg,rgb(57,227,7) 0%,rgb(1,8,1) 100%)\"><\/span><div class=\"wp-block-cover__inner-container is-layout-flow wp-block-cover-is-layout-flow\">\n<p class=\"has-text-align-center has-large-font-size\" style=\"padding-top:0;padding-bottom:0\"><mark style=\"background-color:rgba(0, 0, 0, 0);color:#ffffff\" class=\"has-inline-color\">Interacciones planta\u2013cerebro desde una perspectiva evolutiva<\/mark><\/p>\n\n\n\n<p class=\"has-text-align-center\"><mark style=\"background-color:rgba(0, 0, 0, 0);color:#ffffff\" class=\"has-inline-color\">An Interdisciplinary Research Project<\/mark><\/p>\n<\/div><\/div>\n\n\n\n<div class=\"wp-block-uagb-container uagb-block-347cdf53 alignfull uagb-is-root-container\"><div class=\"uagb-container-inner-blocks-wrap\"><\/div><\/div>\n\n\n\n<div class=\"wp-block-uagb-advanced-heading uagb-block-e4fecc77\"><h2 class=\"uagb-heading-text\"><mark style=\"background-color:rgba(0, 0, 0, 0)\" class=\"has-inline-color has-ast-global-color-1-color\">NeuroPhytome Project<\/mark><\/h2><\/div>\n\n\n\n<div style=\"height:20px\" aria-hidden=\"true\" class=\"wp-block-spacer\"><\/div>\n\n\n\n<div class=\"wp-block-uagb-container uagb-block-fc7b2f0f alignfull uagb-is-root-container\"><div class=\"uagb-container-inner-blocks-wrap\">\n<div class=\"wp-block-uagb-container uagb-block-fc557d55\">\n<div class=\"wp-block-uagb-image uagb-block-d57341e8 wp-block-uagb-image--layout-default wp-block-uagb-image--effect-static wp-block-uagb-image--align-none\"><figure class=\"wp-block-uagb-image__figure\"><img decoding=\"async\" srcset=\"https:\/\/crai.es\/wp-content\/uploads\/2025\/12\/logo-NeuroPhytome-1024x768.png ,https:\/\/crai.es\/wp-content\/uploads\/2025\/12\/logo-NeuroPhytome.png 780w, https:\/\/crai.es\/wp-content\/uploads\/2025\/12\/logo-NeuroPhytome.png 360w\" sizes=\"auto, (max-width: 480px) 150px\" src=\"https:\/\/crai.es\/wp-content\/uploads\/2025\/12\/logo-NeuroPhytome-1024x768.png\" alt=\"\" class=\"uag-image-1371\" width=\"1024\" height=\"768\" title=\"logo-NeuroPhytome\" loading=\"lazy\" role=\"img\"\/><\/figure><\/div>\n<\/div>\n\n\n\n<div class=\"wp-block-uagb-container uagb-layout-grid uagb-block-38d60745\">\n<p class=\"translation-block\">NeuroPhytome is a project embedded within the research line Evolutionary Foundations of Human\u2013Plant Interaction under the HPCN Pillar of CRAI.\n\nNeuroPhytome addresses a central question: how long-term changes in agriculture, selection for yield and uniformity, and stress-minimization practices have reshaped the phytochemical architecture of plant-based foods, thereby altering the landscape of plant-derived regulatory signals to which human physiology is chronically exposed.<\/p>\n<\/div>\n<\/div><\/div>\n\n\n\n<div class=\"wp-block-uagb-container uagb-block-61787caa alignfull uagb-is-root-container\"><div class=\"uagb-container-inner-blocks-wrap\">\n<div class=\"wp-block-uagb-advanced-heading uagb-block-645cd79e\"><h3 class=\"uagb-heading-text\">Hypothesis<\/h3><\/div>\n\n\n\n<p class=\"translation-block\">NeuroPhytome is based on the premise that the human organism has historically been exposed to complex phytochemical landscapes derived from plant matrices cultivated under ecologically variable conditions.\n\nThese landscapes do not function as isolated pharmacological agents, but as low-intensity signalling environments that interact with conserved regulatory systems, including redox, metabolic, inflammatory, and epigenetic networks.\n\nThe progressive simplification of phytochemical diversity within contemporary agricultural systems may have reduced the structural richness of these regulatory signals, with potential implications for baseline regulatory tone across the lifespan.\n\nThe project does not propose direct causality or immediate clinical effects; rather, it advances the hypothesis that sustained changes in the phytochemical architecture of the dietary environment may influence long-term biological resilience and adaptive capacity.<\/p>\n<\/div><\/div>\n\n\n\n<div class=\"wp-block-uagb-container uagb-block-25e77a2f alignfull uagb-is-root-container\"><div class=\"uagb-container-inner-blocks-wrap\">\n<div class=\"wp-block-uagb-container uagb-block-54960ee8\">\n<div class=\"wp-block-uagb-info-box uagb-block-84d91b84 uagb-infobox__content-wrap  uagb-infobox-icon-above-title uagb-infobox-image-valign-top\"><div class=\"uagb-ifb-content\"><div class=\"uagb-ifb-title-wrap\"><h3 class=\"uagb-ifb-title\">Vision<\/h3><\/div><p class=\"uagb-ifb-desc\">NeuroPhytome seeks to consolidate a scientific framework that enables plant-based foods to be understood as architectures of biological signaling, beyond their content of individual nutrients.<br>El proyecto busca posicionar el estudio de matrices fitoqu\u00edmicas complejas como una dimensi\u00f3n estrat\u00e9gica en la investigaci\u00f3n sobre regulaci\u00f3n biol\u00f3gica basal, envejecimiento funcional y resiliencia sist\u00e9mica.<\/p><\/div><\/div>\n\n\n\n<div style=\"height:47px\" aria-hidden=\"true\" class=\"wp-block-spacer\"><\/div>\n<\/div>\n\n\n\n<div class=\"wp-block-uagb-container uagb-block-22f33dc3\">\n<div class=\"wp-block-uagb-info-box uagb-block-1ecc1f43 uagb-infobox__content-wrap  uagb-infobox-icon-above-title uagb-infobox-image-valign-top\"><div class=\"uagb-ifb-content\"><div class=\"uagb-ifb-title-wrap\"><h3 class=\"uagb-ifb-title\">From Molecular Profiles to Systemic Regulation<\/h3><\/div><p class=\"uagb-ifb-desc\">NeuroPhytome develops an integrated analytical pathway that connects the metabolomic characterisation of whole plant matrices with the study of conserved regulatory networks and their functional interpretation at the systemic level. The approach shifts the focus from individual compounds toward structural diversity, patterns of co-occurrence, and the matrix organisation of complex phytochemical networks. This perspective enables plant-based foods to be understood as architectures of biological signalling, capable of interacting with redox, metabolic, and inflammatory systems that sustain baseline regulatory balance. The result is a coherent interpretative framework linking phytochemical diversity to long-term functional stability.<br><\/p><\/div><\/div>\n<\/div>\n<\/div><\/div>\n\n\n\n<div class=\"wp-block-uagb-container uagb-block-a312a758 alignfull uagb-is-root-container\"><div class=\"uagb-container-inner-blocks-wrap\">\n<div class=\"wp-block-uagb-container uagb-block-d3875ff5\">\n<div class=\"wp-block-uagb-info-box uagb-block-1290350c uagb-infobox__content-wrap  uagb-infobox-icon-above-title uagb-infobox-image-valign-top\"><div class=\"uagb-ifb-content\"><div class=\"uagb-ifb-title-wrap\"><h3 class=\"uagb-ifb-title\">The scientific gap<\/h3><\/div><p class=\"uagb-ifb-desc\">Contemporary research reveals a significant disconnect:<\/p><\/div><\/div>\n\n\n\n<div class=\"wp-block-uagb-container uagb-block-bdb4170c\">\n<div class=\"wp-block-uagb-icon-list uagb-block-de81a655\"><div class=\"uagb-icon-list__wrap\">\n<div class=\"wp-block-uagb-icon-list-child uagb-block-da6a8f45\"><span class=\"uagb-icon-list__source-wrap\"><svg xmlns=\"https:\/\/www.w3.org\/2000\/svg\" viewbox=\"0 0 256 512\"><path d=\"M256 448c0 17.67-14.33 32-32 32H32c-17.67 0-32-14.33-32-32s14.33-32 32-32h64V123.8L49.75 154.6C35.02 164.5 15.19 160.4 5.375 145.8C-4.422 131.1-.4531 111.2 14.25 101.4l96-64c9.828-6.547 22.45-7.187 32.84-1.594C153.5 41.37 160 52.22 160 64.01v352h64C241.7 416 256 430.3 256 448z\"><\/path><\/svg><\/span><span class=\"uagb-icon-list__label\">There is extensive evidence demonstrating the activation of regulatory pathways through isolated compounds under acute experimental conditions.<\/span><\/div>\n\n\n\n<div class=\"wp-block-uagb-icon-list-child uagb-block-cfc790f4\"><span class=\"uagb-icon-list__source-wrap\"><svg xmlns=\"https:\/\/www.w3.org\/2000\/svg\" viewbox=\"0 0 320 512\"><path d=\"M320 448c0 17.67-14.33 32-32 32H32c-13.08 0-24.83-7.953-29.7-20.09c-4.859-12.12-1.859-26 7.594-35.03l193.6-185.1c31.36-30.17 33.95-80 5.812-113.4c-14.91-17.69-35.86-28.12-58.97-29.38C127.4 95.83 105.3 103.9 88.53 119.9L53.52 151.7c-13.08 11.91-33.33 10.89-45.2-2.172C-3.563 136.5-2.594 116.2 10.48 104.3l34.45-31.3c28.67-27.34 68.39-42.11 108.9-39.88c40.33 2.188 78.39 21.16 104.4 52.03c49.8 59.05 45.2 147.3-10.45 200.8l-136 130H288C305.7 416 320 430.3 320 448z\"><\/path><\/svg><\/span><span class=\"uagb-icon-list__label\">However, the impact of chronic exposure to whole phytochemical matrices at nutritionally realistic intake levels remains insufficiently characterised.<\/span><\/div>\n\n\n\n<div class=\"wp-block-uagb-icon-list-child uagb-block-c8f7ab48\"><span class=\"uagb-icon-list__source-wrap\"><svg xmlns=\"https:\/\/www.w3.org\/2000\/svg\" viewbox=\"0 0 320 512\"><path d=\"M320 344c0 74.98-61.02 136-136 136H103.6c-46.34 0-87.31-29.53-101.1-73.48c-5.594-16.77 3.484-34.88 20.25-40.47c16.75-5.609 34.89 3.484 40.47 20.25c5.922 17.77 22.48 29.7 41.23 29.7H184c39.7 0 72-32.3 72-72s-32.3-72-72-72H80c-13.2 0-25.05-8.094-29.83-20.41C45.39 239.3 48.66 225.3 58.38 216.4l131.4-120.4H32c-17.67 0-32-14.33-32-32s14.33-32 32-32h240c13.2 0 25.05 8.094 29.83 20.41c4.781 12.3 1.516 26.27-8.203 35.19l-131.4 120.4H184C258.1 208 320 269 320 344z\"><\/path><\/svg><\/span><span class=\"uagb-icon-list__label\">Structural changes in phytochemical diversity resulting from modern agricultural practices are rarely examined in relation to baseline biological regulation.<\/span><\/div>\n\n\n\n<div class=\"wp-block-uagb-icon-list-child uagb-block-5394b752\"><span class=\"uagb-icon-list__label\">NeuroPhytome addresses this gap from an evolutionary and systems-level perspective, focusing on the architecture of the phytochemical landscape and its potential cumulative influence on regulatory balance.<\/span><\/div>\n<\/div><\/div>\n\n\n\n<div style=\"height:45px\" aria-hidden=\"true\" class=\"wp-block-spacer\"><\/div>\n<\/div>\n<\/div>\n\n\n\n<div class=\"wp-block-uagb-container uagb-block-f44970ac\">\n<div class=\"wp-block-uagb-info-box uagb-block-6b801551 uagb-infobox__content-wrap  uagb-infobox-icon-above-title uagb-infobox-image-valign-top\"><div class=\"uagb-ifb-content\"><div class=\"uagb-ifb-title-wrap\"><h3 class=\"uagb-ifb-title\">Methodological approach<\/h3><\/div><p class=\"uagb-ifb-desc\">The project integrates complementary disciplines to address complex biological questions:<\/p><\/div><\/div>\n\n\n\n<div class=\"wp-block-uagb-container uagb-block-f3db4d7e\">\n<div class=\"wp-block-uagb-icon-list uagb-block-4a421f14\"><div class=\"uagb-icon-list__wrap\">\n<div class=\"wp-block-uagb-icon-list-child uagb-block-1ebccdf9\"><span class=\"uagb-icon-list__source-wrap\"><svg xmlns=\"https:\/\/www.w3.org\/2000\/svg\" viewbox=\"0 0 512 512\"><path d=\"M256 0C114.6 0 0 114.6 0 256c0 141.4 114.6 256 256 256s256-114.6 256-256C512 114.6 397.4 0 256 0zM406.6 278.6l-103.1 103.1c-12.5 12.5-32.75 12.5-45.25 0s-12.5-32.75 0-45.25L306.8 288H128C110.3 288 96 273.7 96 256s14.31-32 32-32h178.8l-49.38-49.38c-12.5-12.5-12.5-32.75 0-45.25s32.75-12.5 45.25 0l103.1 103.1C414.6 241.3 416 251.1 416 256C416 260.9 414.6 270.7 406.6 278.6z\"><\/path><\/svg><\/span><span class=\"uagb-icon-list__label\"><strong>Phytochemistry and metabolomics<\/strong> \u2013 characterization of compounds of plant origin<\/span><\/div>\n\n\n\n<div class=\"wp-block-uagb-icon-list-child uagb-block-563860cb\"><span class=\"uagb-icon-list__source-wrap\"><svg xmlns=\"https:\/\/www.w3.org\/2000\/svg\" viewbox=\"0 0 512 512\"><path d=\"M256 0C114.6 0 0 114.6 0 256c0 141.4 114.6 256 256 256s256-114.6 256-256C512 114.6 397.4 0 256 0zM406.6 278.6l-103.1 103.1c-12.5 12.5-32.75 12.5-45.25 0s-12.5-32.75 0-45.25L306.8 288H128C110.3 288 96 273.7 96 256s14.31-32 32-32h178.8l-49.38-49.38c-12.5-12.5-12.5-32.75 0-45.25s32.75-12.5 45.25 0l103.1 103.1C414.6 241.3 416 251.1 416 256C416 260.9 414.6 270.7 406.6 278.6z\"><\/path><\/svg><\/span><span class=\"uagb-icon-list__label\"><strong>Neurobiology and epigenetics<\/strong> \u2013 study of regulatory and signaling routes<\/span><\/div>\n\n\n\n<div class=\"wp-block-uagb-icon-list-child uagb-block-d69f8953\"><span class=\"uagb-icon-list__source-wrap\"><svg xmlns=\"https:\/\/www.w3.org\/2000\/svg\" viewbox=\"0 0 512 512\"><path d=\"M256 0C114.6 0 0 114.6 0 256c0 141.4 114.6 256 256 256s256-114.6 256-256C512 114.6 397.4 0 256 0zM406.6 278.6l-103.1 103.1c-12.5 12.5-32.75 12.5-45.25 0s-12.5-32.75 0-45.25L306.8 288H128C110.3 288 96 273.7 96 256s14.31-32 32-32h178.8l-49.38-49.38c-12.5-12.5-12.5-32.75 0-45.25s32.75-12.5 45.25 0l103.1 103.1C414.6 241.3 416 251.1 416 256C416 260.9 414.6 270.7 406.6 278.6z\"><\/path><\/svg><\/span><span class=\"uagb-icon-list__label\"><strong>Evolutionary biology<\/strong> \u2013 contextualizaci\u00f3n en la historia evolutiva humana<\/span><\/div>\n\n\n\n<div class=\"wp-block-uagb-icon-list-child uagb-block-76e51afa\"><span class=\"uagb-icon-list__source-wrap\"><svg xmlns=\"https:\/\/www.w3.org\/2000\/svg\" viewbox=\"0 0 512 512\"><path d=\"M256 0C114.6 0 0 114.6 0 256c0 141.4 114.6 256 256 256s256-114.6 256-256C512 114.6 397.4 0 256 0zM406.6 278.6l-103.1 103.1c-12.5 12.5-32.75 12.5-45.25 0s-12.5-32.75 0-45.25L306.8 288H128C110.3 288 96 273.7 96 256s14.31-32 32-32h178.8l-49.38-49.38c-12.5-12.5-12.5-32.75 0-45.25s32.75-12.5 45.25 0l103.1 103.1C414.6 241.3 416 251.1 416 256C416 260.9 414.6 270.7 406.6 278.6z\"><\/path><\/svg><\/span><span class=\"uagb-icon-list__label\"><strong>Computational analysis<\/strong> \u2013 data integration and pattern identification<\/span><\/div>\n\n\n\n<div class=\"wp-block-uagb-icon-list-child uagb-block-9f132f10\"><span class=\"uagb-icon-list__source-wrap\"><svg xmlns=\"https:\/\/www.w3.org\/2000\/svg\" viewbox=\"0 0 512 512\"><path d=\"M256 0C114.6 0 0 114.6 0 256c0 141.4 114.6 256 256 256s256-114.6 256-256C512 114.6 397.4 0 256 0zM406.6 278.6l-103.1 103.1c-12.5 12.5-32.75 12.5-45.25 0s-12.5-32.75 0-45.25L306.8 288H128C110.3 288 96 273.7 96 256s14.31-32 32-32h178.8l-49.38-49.38c-12.5-12.5-12.5-32.75 0-45.25s32.75-12.5 45.25 0l103.1 103.1C414.6 241.3 416 251.1 416 256C416 260.9 414.6 270.7 406.6 278.6z\"><\/path><\/svg><\/span><span class=\"uagb-icon-list__label\"><strong>Systems Biology<\/strong> \u2013 interpretation of interactions beyond isolated effects<\/span><\/div>\n<\/div><\/div>\n<\/div>\n<\/div>\n<\/div><\/div>\n\n\n\n<div class=\"wp-block-uagb-container uagb-block-ba73b3c3 alignfull uagb-is-root-container\"><div class=\"uagb-container-inner-blocks-wrap\">\n<div class=\"wp-block-group is-vertical is-layout-flex wp-container-core-group-is-layout-fe9cc265 wp-block-group-is-layout-flex\"><\/div>\n<\/div><\/div>\n\n\n\n<div style=\"height:50px\" aria-hidden=\"true\" class=\"wp-block-spacer\"><\/div>\n\n\n\n<div class=\"wp-block-uagb-container uagb-block-a020a8f3 alignfull uagb-is-root-container\"><div class=\"uagb-container-inner-blocks-wrap\">\n<h3 class=\"wp-block-heading\">Scientific and social relevance<\/h3>\n\n\n\n<p>NeuroPhytome contributes to redefining food quality from a regulatory and structural perspective, focusing on the functional architecture of complex phytochemical matrices rather than solely on the presence of isolated nutrients. The project positions the institute at the interface of advanced plant science, systemic biological regulation, functional ageing, and adaptive resilience.\n\nIn the medium and long term, this approach may inform the development of functional nutrition strategies based on whole matrices, the optimisation of cultivars with structurally more diverse and coherent phytochemical profiles, and new research directions in ageing and neurodegenerative processes from a preventive perspective. Without presupposing specific clinical applications, the project establishes solid conceptual and mechanistic foundations for future personalised strategies grounded in complex biochemical environments.<\/p>\n\n\n\n<h3 class=\"wp-block-heading\">Expected results<\/h3>\n\n\n\n<p>NeuroPhytome will generate comparative maps of phytochemical diversity in plant matrices and develop interpretative models linking plant metabolic architecture to human baseline regulation. It will also produce mechanistic evidence on the interaction between complex phytochemical landscapes and key regulatory systems, including redox, metabolic, and inflammatory networks.\n\nThese advances will help consolidate a robust conceptual framework for future research on systemic resilience and functional ageing, while providing a structured foundation for transfer toward agro-functional and biomedical innovation.<\/p>\n\n\n\n<div style=\"height:15px\" aria-hidden=\"true\" class=\"wp-block-spacer\"><\/div>\n\n\n\n<h3 class=\"wp-block-heading\">Team and collaborations<\/h3>\n\n\n\n<p class=\"translation-block\">The project is coordinated by the Centro Rausenbach de An\u00e1lisis e Investigaci\u00f3n (CRAI) and is structured within the Neurobot\u00e1nica platform.\n\nIt is conceived as an open international network fostering collaboration with universities, research centres, and strategic partners interested in the interface between plants, biological regulation, and human evolution.<\/p>\n\n\n\n<div class=\"wp-block-uagb-advanced-heading uagb-block-5dbc55c0\"><h3 class=\"uagb-heading-text\">Collaboration<\/h3><\/div>\n\n\n\n<p class=\"translation-block\">We invite academic institutions, foundations, and strategic partners to establish contact in order to explore scientific collaborations, joint project development, and knowledge transfer in the field of complex phytochemical matrices and systemic regulation.\n\nNeuroPhytome represents a strategic commitment to advancing a deeper understanding of the link between plant biodiversity and human biological stability.<\/p>\n\n\n\n<div class=\"wp-block-uagb-buttons uagb-buttons__outer-wrap uagb-btn__default-btn uagb-btn-tablet__default-btn uagb-btn-mobile__default-btn uagb-block-72c9a3c0\"><div class=\"uagb-buttons__wrap uagb-buttons-layout-wrap\">\n<div class=\"wp-block-uagb-buttons-child uagb-buttons__outer-wrap uagb-block-3aae2ad9 wp-block-button\"><div class=\"uagb-button__wrapper\"><a class=\"uagb-buttons-repeater wp-block-button__link\" aria-label=\"\" href=\"https:\/\/crai.es\/en\/contact\/\" rel=\"follow noopener\" target=\"_self\" role=\"button\"><div class=\"uagb-button__link\">Contact<\/div><\/a><\/div><\/div>\n\n\n\n<div class=\"wp-block-uagb-buttons-child uagb-buttons__outer-wrap uagb-block-2da31146 wp-block-button\"><div class=\"uagb-button__wrapper\"><a class=\"uagb-buttons-repeater wp-block-button__link\" aria-label=\"\" href=\"https:\/\/crai.es\/wp-content\/uploads\/2025\/12\/NeuroPhytome-Executive-Report.pdf\" rel=\"follow noopener\" target=\"_self\" role=\"button\"><div class=\"uagb-button__link\">Report<\/div><\/a><\/div><\/div>\n<\/div><\/div>\n<\/div><\/div>\n\n\n\n<p><\/p>","protected":false},"excerpt":{"rendered":"<p>NeuroPhytome Project NeuroPhytome es un proyecto enmarcado en la l\u00ednea Bases evolutivas de la interacci\u00f3n humano\u2013planta del Pilar HPCN del CRAI. NeuroPhytome aborda una pregunta central: c\u00f3mo los cambios a largo plazo en agricultura, selecci\u00f3n por rendimiento y uniformidad, y pr\u00e1cticas de minimizaci\u00f3n de estr\u00e9s han reconfigurado la arquitectura fitoqu\u00edmica de los alimentos vegetales, alterando [&hellip;]<\/p>\n","protected":false},"author":1,"featured_media":0,"parent":0,"menu_order":0,"comment_status":"closed","ping_status":"closed","template":"","meta":{"_uag_custom_page_level_css":"","site-sidebar-layout":"default","site-content-layout":"","ast-site-content-layout":"full-width-container","site-content-style":"default","site-sidebar-style":"default","ast-global-header-display":"","ast-banner-title-visibility":"","ast-main-header-display":"","ast-hfb-above-header-display":"","ast-hfb-below-header-display":"","ast-hfb-mobile-header-display":"","site-post-title":"disabled","ast-breadcrumbs-content":"","ast-featured-img":"","footer-sml-layout":"","ast-disable-related-posts":"","theme-transparent-header-meta":"enabled","adv-header-id-meta":"","stick-header-meta":"","header-above-stick-meta":"","header-main-stick-meta":"","header-below-stick-meta":"","astra-migrate-meta-layouts":"set","ast-page-background-enabled":"default","ast-page-background-meta":{"desktop":{"background-color":"","background-image":"","background-repeat":"repeat","background-position":"center center","background-size":"auto","background-attachment":"scroll","background-type":"","background-media":"","overlay-type":"","overlay-color":"","overlay-opacity":"","overlay-gradient":""},"tablet":{"background-color":"","background-image":"","background-repeat":"repeat","background-position":"center center","background-size":"auto","background-attachment":"scroll","background-type":"","background-media":"","overlay-type":"","overlay-color":"","overlay-opacity":"","overlay-gradient":""},"mobile":{"background-color":"","background-image":"","background-repeat":"repeat","background-position":"center center","background-size":"auto","background-attachment":"scroll","background-type":"","background-media":"","overlay-type":"","overlay-color":"","overlay-opacity":"","overlay-gradient":""}},"ast-content-background-meta":{"desktop":{"background-color":"var(--ast-global-color-5)","background-image":"","background-repeat":"repeat","background-position":"center center","background-size":"auto","background-attachment":"scroll","background-type":"","background-media":"","overlay-type":"","overlay-color":"","overlay-opacity":"","overlay-gradient":""},"tablet":{"background-color":"var(--ast-global-color-5)","background-image":"","background-repeat":"repeat","background-position":"center center","background-size":"auto","background-attachment":"scroll","background-type":"","background-media":"","overlay-type":"","overlay-color":"","overlay-opacity":"","overlay-gradient":""},"mobile":{"background-color":"var(--ast-global-color-5)","background-image":"","background-repeat":"repeat","background-position":"center center","background-size":"auto","background-attachment":"scroll","background-type":"","background-media":"","overlay-type":"","overlay-color":"","overlay-opacity":"","overlay-gradient":""}},"footnotes":""},"class_list":["post-1316","page","type-page","status-publish","hentry"],"aioseo_notices":[],"uagb_featured_image_src":{"full":false,"thumbnail":false,"medium":false,"medium_large":false,"large":false,"1536x1536":false,"2048x2048":false,"trp-custom-language-flag":false},"uagb_author_info":{"display_name":"draus@raus-partner.com","author_link":"https:\/\/crai.es\/en\/author\/drausraus-partner-com\/"},"uagb_comment_info":0,"uagb_excerpt":"NeuroPhytome Project NeuroPhytome es un proyecto enmarcado en la l\u00ednea Bases evolutivas de la interacci\u00f3n humano\u2013planta del Pilar HPCN del CRAI. NeuroPhytome aborda una pregunta central: c\u00f3mo los cambios a largo plazo en agricultura, selecci\u00f3n por rendimiento y uniformidad, y pr\u00e1cticas de minimizaci\u00f3n de estr\u00e9s han reconfigurado la arquitectura fitoqu\u00edmica de los alimentos vegetales, alterando&hellip;","_links":{"self":[{"href":"https:\/\/crai.es\/en\/wp-json\/wp\/v2\/pages\/1316","targetHints":{"allow":["GET"]}}],"collection":[{"href":"https:\/\/crai.es\/en\/wp-json\/wp\/v2\/pages"}],"about":[{"href":"https:\/\/crai.es\/en\/wp-json\/wp\/v2\/types\/page"}],"author":[{"embeddable":true,"href":"https:\/\/crai.es\/en\/wp-json\/wp\/v2\/users\/1"}],"replies":[{"embeddable":true,"href":"https:\/\/crai.es\/en\/wp-json\/wp\/v2\/comments?post=1316"}],"version-history":[{"count":70,"href":"https:\/\/crai.es\/en\/wp-json\/wp\/v2\/pages\/1316\/revisions"}],"predecessor-version":[{"id":1961,"href":"https:\/\/crai.es\/en\/wp-json\/wp\/v2\/pages\/1316\/revisions\/1961"}],"wp:attachment":[{"href":"https:\/\/crai.es\/en\/wp-json\/wp\/v2\/media?parent=1316"}],"curies":[{"name":"wp","href":"https:\/\/api.w.org\/{rel}","templated":true}]}}