{"id":1162,"date":"2025-12-05T17:24:31","date_gmt":"2025-12-05T17:24:31","guid":{"rendered":"https:\/\/crai.es\/?page_id=1162"},"modified":"2025-12-19T11:27:12","modified_gmt":"2025-12-19T11:27:12","slug":"dr-daniel-raus-de-baviera","status":"publish","type":"page","link":"https:\/\/crai.es\/en\/dr-daniel-raus-de-baviera\/","title":{"rendered":"Coordinaci\u00f3n de la Investigaci\u00f3n &#8211; Dr. Raus de Baviera"},"content":{"rendered":"<div class=\"wp-block-cover alignfull wp-duotone-unset-1\"><img loading=\"lazy\" decoding=\"async\" width=\"1024\" height=\"263\" class=\"wp-block-cover__image-background wp-image-1166 size-large\" alt=\"\" src=\"https:\/\/crai.es\/wp-content\/uploads\/2025\/12\/salvia-officinalis-1024x263.jpg\" data-object-fit=\"cover\" srcset=\"https:\/\/crai.es\/wp-content\/uploads\/2025\/12\/salvia-officinalis-1024x263.jpg 1024w, https:\/\/crai.es\/wp-content\/uploads\/2025\/12\/salvia-officinalis-300x77.jpg 300w, https:\/\/crai.es\/wp-content\/uploads\/2025\/12\/salvia-officinalis-768x197.jpg 768w, https:\/\/crai.es\/wp-content\/uploads\/2025\/12\/salvia-officinalis-1536x394.jpg 1536w, https:\/\/crai.es\/wp-content\/uploads\/2025\/12\/salvia-officinalis-18x5.jpg 18w, https:\/\/crai.es\/wp-content\/uploads\/2025\/12\/salvia-officinalis.jpg 1950w\" sizes=\"auto, (max-width: 1024px) 100vw, 1024px\" \/><span aria-hidden=\"true\" class=\"wp-block-cover__background has-background-dim wp-block-cover__gradient-background has-background-gradient\" style=\"background:linear-gradient(0deg,rgba(43,227,7,0.49) 0%,rgb(2,10,1) 100%)\"><\/span><div class=\"wp-block-cover__inner-container is-layout-constrained wp-block-cover-is-layout-constrained\">\n<h2 class=\"wp-block-heading has-text-align-center has-large-font-size\"><mark style=\"background-color:rgba(0, 0, 0, 0);color:#ffffff\" class=\"has-inline-color\">Daniel Raus de Baviera, PhD<\/mark><\/h2>\n\n\n\n<p class=\"has-text-align-center has-large-font-size\" style=\"line-height:1.3\"><mark style=\"background-color:rgba(0, 0, 0, 0);color:#ffffff\" class=\"has-inline-color\">Research coordination<\/mark><\/p>\n<\/div><\/div>\n\n\n\n<div style=\"height:10px\" aria-hidden=\"true\" class=\"wp-block-spacer\"><\/div>\n\n\n\n<div class=\"wp-block-uagb-advanced-heading uagb-block-53c23b12\"><h2 class=\"uagb-heading-text\"><mark style=\"background-color:rgba(0, 0, 0, 0)\" class=\"has-inline-color has-ast-global-color-1-color\">About <\/mark><\/h2><\/div>\n\n\n\n<div class=\"wp-block-uagb-container uagb-block-122dad2e alignfull uagb-is-root-container\"><div class=\"uagb-container-inner-blocks-wrap\">\n<div class=\"wp-block-group is-nowrap is-layout-flex wp-container-core-group-is-layout-6c531013 wp-block-group-is-layout-flex\">\n<div class=\"wp-block-uagb-container uagb-block-84bdf531\">\n<p>Daniel Raus de Baviera holds a PhD in Agricultural, Agro-Environmental and Food Resources and Technologies from Miguel Hern\u00e1ndez University of Elche. His doctoral research addressed the domestication of medicinal plants, integrating ecophysiology and phytochemical optimization to enhance bioactive compound production. His work was supervised by Prof. Dr. Antonio Ruiz and co-supervised by Prof. Dr. Enrique Barraj\u00f3n.<br><br>During his training in agronomic sciences, phytotherapy, molecular biology, and biomedicine, he gained research experience at several leading institutions, including the Murcian Institute for Biosanitary Research (IMIB), the Institute of Biomedicine and Biotechnology of Cantabria (IBBTEC), the Institute for Research, Development and Innovation in Health Biotechnology of Elche (IDiBE), and the Agri-Food and Agro-Environmental Research and Innovation Center (CIAGRO). These research stages consolidated his interest in understanding how plants can contribute to human health and well-being.<br><br>Since 2019, he has served as Director of the Rausenbach Center for Analysis and Research (CRAI), operating within the Rausenbach Foundation, where he coordinates several projects under the conceptual framework of \u201cThe Human\u2013Plant Approach.\u201d This programme integrates research, scientific outreach, and training to explore the coevolution between plants and humans and its potential applications in the field of neurodiversity.<br><br>Dr. Raus de Baviera focuses his work on the study and modulation of phytochemical profiles to influence neurocognitive processes from an evolutionary and multidisciplinary perspective. His research integrates molecular biology, phytochemistry, and bioinformatics, with the aim of generating rigorous scientific knowledge that can be translated into practical strategies to improve the quality of life of individuals living with challenges associated with neurodiversity.<br><br>With a strong commitment to social impact, he actively participates in scientific collaboration networks and develops projects aimed at bridging basic research and real-world needs of individuals affected in their daily lives by alterations in attentional, emotional, and cognitive regulation. He publishes his findings in specialized scientific journals and continues to promote initiatives that bring science closer to the service of human well-being.<\/p>\n<\/div>\n<\/div>\n\n\n\n<div class=\"wp-block-uagb-container uagb-layout-grid uagb-block-fea36608\">\n<div class=\"wp-block-uagb-image uagb-block-619234f0 wp-block-uagb-image--layout-default wp-block-uagb-image--effect-static wp-block-uagb-image--align-none\"><figure class=\"wp-block-uagb-image__figure\"><img decoding=\"async\" srcset=\"https:\/\/crai.es\/wp-content\/uploads\/2025\/12\/Dr-Daniel-Artur-Raus-740x1024.jpg ,https:\/\/crai.es\/wp-content\/uploads\/2025\/12\/Dr-Daniel-Artur-Raus.jpg 780w, https:\/\/crai.es\/wp-content\/uploads\/2025\/12\/Dr-Daniel-Artur-Raus.jpg 360w\" sizes=\"auto, (max-width: 480px) 150px\" src=\"https:\/\/crai.es\/wp-content\/uploads\/2025\/12\/Dr-Daniel-Artur-Raus-740x1024.jpg\" alt=\"\" class=\"uag-image-1608\" width=\"740\" height=\"1024\" title=\"Screenshot\" loading=\"lazy\" role=\"img\"\/><\/figure><\/div>\n\n\n\n<div class=\"wp-block-uagb-advanced-heading uagb-block-516db8bc\"><h3 class=\"uagb-heading-text\"><mark style=\"background-color:rgba(0, 0, 0, 0)\" class=\"has-inline-color has-ast-global-color-1-color\">Projects<\/mark><\/h3><\/div>\n\n\n\n<div class=\"wp-block-uagb-buttons uagb-buttons__outer-wrap uagb-btn__small-btn uagb-btn-tablet__default-btn uagb-btn-mobile__default-btn uagb-block-972477ea\"><div class=\"uagb-buttons__wrap uagb-buttons-layout-wrap\">\n<div class=\"wp-block-uagb-buttons-child uagb-buttons__outer-wrap uagb-block-fe848137 wp-block-button\"><div class=\"uagb-button__wrapper\"><a class=\"uagb-buttons-repeater wp-block-button__link\" aria-label=\"\" href=\"https:\/\/neurobotanica.es\/\" rel=\"follow noopener\" target=\"_self\" role=\"button\"><div class=\"uagb-button__link\">Neurobot\u00e1nica   <\/div><\/a><\/div><\/div>\n\n\n\n<div class=\"wp-block-uagb-buttons-child uagb-buttons__outer-wrap uagb-block-75cc9559 wp-block-button\"><div class=\"uagb-button__wrapper\"><a class=\"uagb-buttons-repeater wp-block-button__link\" aria-label=\"\" href=\"https:\/\/crai.es\/en\/neurophytome\/\" rel=\"follow noopener\" target=\"_self\" role=\"button\"><div class=\"uagb-button__link\">NeuroPhytome   <\/div><\/a><\/div><\/div>\n\n\n\n<div class=\"wp-block-uagb-buttons-child uagb-buttons__outer-wrap uagb-block-8b04d39c wp-block-button\"><div class=\"uagb-button__wrapper\"><a class=\"uagb-buttons-repeater wp-block-button__link\" aria-label=\"\" href=\"https:\/\/crai.es\/en\/pharmantech\/\" rel=\"follow noopener\" target=\"_self\" role=\"button\"><div class=\"uagb-button__link\">PharmaNtech      <\/div><\/a><\/div><\/div>\n\n\n\n<div class=\"wp-block-uagb-buttons-child uagb-buttons__outer-wrap uagb-block-ea924580 wp-block-button\"><div class=\"uagb-button__wrapper\"><a class=\"uagb-buttons-repeater wp-block-button__link\" aria-label=\"\" href=\"https:\/\/crai.es\/en\/felsenrose\/\" rel=\"follow noopener\" target=\"_self\" role=\"button\"><div class=\"uagb-button__link\">Felsenrose PhNT<\/div><\/a><\/div><\/div>\n<\/div><\/div>\n\n\n\n<div class=\"wp-block-uagb-info-box uagb-block-ad2e325e uagb-infobox__content-wrap  uagb-infobox-icon-above-title uagb-infobox-image-valign-top\"><div class=\"uagb-ifb-content\"><div class=\"uagb-ifb-title-wrap\"><h3 class=\"uagb-ifb-title\"><mark style=\"background-color:rgba(0, 0, 0, 0)\" class=\"has-inline-color has-ast-global-color-1-color\">Contact<\/mark><\/h3><\/div><p class=\"uagb-ifb-desc\">Research coordination <br>Apartado de correos A-37<br>30890 Puerto Lumbreras (Spain)<br><br>phone: +34 868 176 414<br>e-mail: draus@crai.es<br><\/p><\/div><\/div>\n\n\n\n<div class=\"wp-block-group is-content-justification-center is-nowrap is-layout-flex wp-container-core-group-is-layout-23441af8 wp-block-group-is-layout-flex\">      \n\t\t\t<div class=\"uagb-icon-wrapper uagb-block-32953e78\"\n\t\t\tstyle=\"\" >\n\t\t\t\t\t\t\t\t\t<span class=\"uagb-svg-wrapper\" \n\t\t\t\t\t aria-label=\"envelope\"\t\t\t\t\ttabindex=\"0\">\t\t\n\t\t\t\t\t\t\t\t\t\t<a rel=\"noopener noreferrer\" href=\"http:\/\/crai.es\/en\/contact\/\" target=\"_self\"><svg xmlns=\"https:\/\/www.w3.org\/2000\/svg\" viewbox= \"0 0 512 512\" role=\"graphics-symbol\" aria-hidden=\"false\" aria-label=\"\"><path d=\"M464 64C490.5 64 512 85.49 512 112C512 127.1 504.9 141.3 492.8 150.4L275.2 313.6C263.8 322.1 248.2 322.1 236.8 313.6L19.2 150.4C7.113 141.3 0 127.1 0 112C0 85.49 21.49 64 48 64H464zM217.6 339.2C240.4 356.3 271.6 356.3 294.4 339.2L512 176V384C512 419.3 483.3 448 448 448H64C28.65 448 0 419.3 0 384V176L217.6 339.2z\"><\/path><\/svg><\/a>\n\t\t\t\t\t\t\t\t\t<\/span>\n\t\t\t\t\t\t\t<\/div>\n\t\t\t\n\n      \n\t\t\t<div class=\"uagb-icon-wrapper uagb-block-89148a57\"\n\t\t\tstyle=\"\" >\n\t\t\t\t\t\t\t\t\t<span class=\"uagb-svg-wrapper\" \n\t\t\t\t\t aria-label=\"linkedin\"\t\t\t\t\ttabindex=\"0\">\t\t\n\t\t\t\t\t\t\t\t\t\t<a rel=\"noopener noreferrer\" href=\"http:\/\/www.linkedin.com\/in\/danielarturraus\" target=\"_blank\"><svg xmlns=\"https:\/\/www.w3.org\/2000\/svg\" viewbox= \"0 0 448 512\" role=\"graphics-symbol\" aria-hidden=\"false\" aria-label=\"\"><path d=\"M416 32H31.9C14.3 32 0 46.5 0 64.3v383.4C0 465.5 14.3 480 31.9 480H416c17.6 0 32-14.5 32-32.3V64.3c0-17.8-14.4-32.3-32-32.3zM135.4 416H69V202.2h66.5V416zm-33.2-243c-21.3 0-38.5-17.3-38.5-38.5S80.9 96 102.2 96c21.2 0 38.5 17.3 38.5 38.5 0 21.3-17.2 38.5-38.5 38.5zm282.1 243h-66.4V312c0-24.8-.5-56.7-34.5-56.7-34.6 0-39.9 27-39.9 54.9V416h-66.4V202.2h63.7v29.2h.9c8.9-16.8 30.6-34.5 62.9-34.5 67.2 0 79.7 44.3 79.7 101.9V416z\"><\/path><\/svg><\/a>\n\t\t\t\t\t\t\t\t\t<\/span>\n\t\t\t\t\t\t\t<\/div>\n\t\t\t\n\n      \n\t\t\t<div class=\"uagb-icon-wrapper uagb-block-e96b9f45\"\n\t\t\tstyle=\"\" >\n\t\t\t\t\t\t\t\t\t<span class=\"uagb-svg-wrapper\" \n\t\t\t\t\t aria-label=\"orcid\"\t\t\t\t\ttabindex=\"0\">\t\t\n\t\t\t\t\t\t\t\t\t\t<a rel=\"noopener noreferrer\" href=\"https:\/\/orcid.org\/0000-0002-2999-7348\" target=\"_blank\"><svg xmlns=\"https:\/\/www.w3.org\/2000\/svg\" viewbox= \"0 0 512 512\" role=\"graphics-symbol\" aria-hidden=\"false\" aria-label=\"\"><path d=\"M294.8 188.2h-45.92V342h47.47c67.62 0 83.12-51.34 83.12-76.91 0-41.64-26.54-76.9-84.67-76.9zM256 8C119 8 8 119 8 256s111 248 248 248 248-111 248-248S393 8 256 8zm-80.79 360.8h-29.84v-207.5h29.84zm-14.92-231.1a19.57 19.57 0 1 1 19.57-19.57 19.64 19.64 0 0 1 -19.57 19.57zM300 369h-81V161.3h80.6c76.73 0 110.4 54.83 110.4 103.8C410 318.4 368.4 369 300 369z\"><\/path><\/svg><\/a>\n\t\t\t\t\t\t\t\t\t<\/span>\n\t\t\t\t\t\t\t<\/div>\n\t\t\t<\/div>\n<\/div>\n<\/div><\/div>\n\n\n\n<p><\/p>","protected":false},"excerpt":{"rendered":"<p>Acerca de Daniel Raus de Baviera obtuvo el t\u00edtulo de doctor en Recursos y Tecnolog\u00edas Agrarias, Agroambientales y Alimentarias con una tesis dedicada a la domesticaci\u00f3n de plantas medicinales, su ecofisiolog\u00eda y la optimizaci\u00f3n de sus compuestos bioactivos. Su investigaci\u00f3n fue dirigida por el profesor Dr. Antonio Ruiz y codirigida por el profesor Dr. Enrique [&hellip;]<\/p>\n","protected":false},"author":1,"featured_media":0,"parent":0,"menu_order":0,"comment_status":"closed","ping_status":"closed","template":"","meta":{"_uag_custom_page_level_css":"","site-sidebar-layout":"no-sidebar","site-content-layout":"","ast-site-content-layout":"full-width-container","site-content-style":"unboxed","site-sidebar-style":"unboxed","ast-global-header-display":"","ast-banner-title-visibility":"","ast-main-header-display":"","ast-hfb-above-header-display":"","ast-hfb-below-header-display":"","ast-hfb-mobile-header-display":"","site-post-title":"disabled","ast-breadcrumbs-content":"","ast-featured-img":"","footer-sml-layout":"","ast-disable-related-posts":"","theme-transparent-header-meta":"enabled","adv-header-id-meta":"","stick-header-meta":"","header-above-stick-meta":"","header-main-stick-meta":"","header-below-stick-meta":"","astra-migrate-meta-layouts":"set","ast-page-background-enabled":"default","ast-page-background-meta":{"desktop":{"background-color":"","background-image":"","background-repeat":"repeat","background-position":"center center","background-size":"auto","background-attachment":"scroll","background-type":"","background-media":"","overlay-type":"","overlay-color":"","overlay-opacity":"","overlay-gradient":""},"tablet":{"background-color":"","background-image":"","background-repeat":"repeat","background-position":"center center","background-size":"auto","background-attachment":"scroll","background-type":"","background-media":"","overlay-type":"","overlay-color":"","overlay-opacity":"","overlay-gradient":""},"mobile":{"background-color":"","background-image":"","background-repeat":"repeat","background-position":"center center","background-size":"auto","background-attachment":"scroll","background-type":"","background-media":"","overlay-type":"","overlay-color":"","overlay-opacity":"","overlay-gradient":""}},"ast-content-background-meta":{"desktop":{"background-color":"var(--ast-global-color-5)","background-image":"","background-repeat":"repeat","background-position":"center center","background-size":"auto","background-attachment":"scroll","background-type":"","background-media":"","overlay-type":"","overlay-color":"","overlay-opacity":"","overlay-gradient":""},"tablet":{"background-color":"var(--ast-global-color-5)","background-image":"","background-repeat":"repeat","background-position":"center center","background-size":"auto","background-attachment":"scroll","background-type":"","background-media":"","overlay-type":"","overlay-color":"","overlay-opacity":"","overlay-gradient":""},"mobile":{"background-color":"var(--ast-global-color-5)","background-image":"","background-repeat":"repeat","background-position":"center center","background-size":"auto","background-attachment":"scroll","background-type":"","background-media":"","overlay-type":"","overlay-color":"","overlay-opacity":"","overlay-gradient":""}},"footnotes":""},"class_list":["post-1162","page","type-page","status-publish","hentry"],"aioseo_notices":[],"uagb_featured_image_src":{"full":false,"thumbnail":false,"medium":false,"medium_large":false,"large":false,"1536x1536":false,"2048x2048":false,"trp-custom-language-flag":false},"uagb_author_info":{"display_name":"draus@raus-partner.com","author_link":"https:\/\/crai.es\/en\/author\/drausraus-partner-com\/"},"uagb_comment_info":0,"uagb_excerpt":"Acerca de Daniel Raus de Baviera obtuvo el t\u00edtulo de doctor en Recursos y Tecnolog\u00edas Agrarias, Agroambientales y Alimentarias con una tesis dedicada a la domesticaci\u00f3n de plantas medicinales, su ecofisiolog\u00eda y la optimizaci\u00f3n de sus compuestos bioactivos. Su investigaci\u00f3n fue dirigida por el profesor Dr. Antonio Ruiz y codirigida por el profesor Dr. Enrique&hellip;","_links":{"self":[{"href":"https:\/\/crai.es\/en\/wp-json\/wp\/v2\/pages\/1162","targetHints":{"allow":["GET"]}}],"collection":[{"href":"https:\/\/crai.es\/en\/wp-json\/wp\/v2\/pages"}],"about":[{"href":"https:\/\/crai.es\/en\/wp-json\/wp\/v2\/types\/page"}],"author":[{"embeddable":true,"href":"https:\/\/crai.es\/en\/wp-json\/wp\/v2\/users\/1"}],"replies":[{"embeddable":true,"href":"https:\/\/crai.es\/en\/wp-json\/wp\/v2\/comments?post=1162"}],"version-history":[{"count":41,"href":"https:\/\/crai.es\/en\/wp-json\/wp\/v2\/pages\/1162\/revisions"}],"predecessor-version":[{"id":1850,"href":"https:\/\/crai.es\/en\/wp-json\/wp\/v2\/pages\/1162\/revisions\/1850"}],"wp:attachment":[{"href":"https:\/\/crai.es\/en\/wp-json\/wp\/v2\/media?parent=1162"}],"curies":[{"name":"wp","href":"https:\/\/api.w.org\/{rel}","templated":true}]}}